{"id":13,"date":"2022-11-26T02:31:04","date_gmt":"2022-11-26T00:31:04","guid":{"rendered":"https:\/\/stillferro.com\/?page_id=13"},"modified":"2026-01-12T18:02:31","modified_gmt":"2026-01-12T16:02:31","slug":"despre-noi","status":"publish","type":"page","link":"https:\/\/stillferro.com\/ro\/despre-noi\/","title":{"rendered":"Despre noi"},"content":{"rendered":"\t\t<div data-elementor-type=\"wp-page\" data-elementor-id=\"13\" class=\"elementor elementor-13\" data-elementor-post-type=\"page\">\n\t\t\t\t\t\t\t<div class=\"elementor-element elementor-element-d32ca9e e-flex e-con-boxed e-con e-parent\" data-id=\"d32ca9e\" data-element_type=\"container\" data-settings=\"{&quot;content_width&quot;:&quot;boxed&quot;}\" data-core-v316-plus=\"true\">\n\t\t\t\t\t<div class=\"e-con-inner\">\n\t\t<div class=\"elementor-element elementor-element-0d574ff e-flex e-con-boxed e-con e-child\" data-id=\"0d574ff\" data-element_type=\"container\" data-settings=\"{&quot;content_width&quot;:&quot;boxed&quot;}\">\n\t\t\t\t\t<div class=\"e-con-inner\">\n\t\t\t\t<div class=\"elementor-element elementor-element-db48c60 elementor-widget elementor-widget-heading\" data-id=\"db48c60\" data-element_type=\"widget\" data-widget_type=\"heading.default\">\n\t\t\t\t<div class=\"elementor-widget-container\">\n\t\t\t<h1 class=\"elementor-heading-title elementor-size-default\">Despre noi<\/h1>\t\t<\/div>\n\t\t\t\t<\/div>\n\t\t\t\t<div class=\"elementor-element elementor-element-5a921dc jedv-enabled--yes elementor-icon-list--layout-traditional elementor-list-item-link-full_width elementor-widget elementor-widget-icon-list\" data-id=\"5a921dc\" data-element_type=\"widget\" data-widget_type=\"icon-list.default\">\n\t\t\t\t<div class=\"elementor-widget-container\">\n\t\t\t\t\t<ul class=\"elementor-icon-list-items\">\n\t\t\t\t\t\t\t<li class=\"elementor-icon-list-item\">\n\t\t\t\t\t\t\t\t\t\t\t<a href=\"#istoria\">\n\n\t\t\t\t\t\t\t\t\t\t\t<span class=\"elementor-icon-list-text\">Istoria<\/span>\n\t\t\t\t\t\t\t\t\t\t\t<\/a>\n\t\t\t\t\t\t\t\t\t<\/li>\n\t\t\t\t\t\t\t\t<li class=\"elementor-icon-list-item\">\n\t\t\t\t\t\t\t\t\t\t\t<a href=\"#valori\">\n\n\t\t\t\t\t\t\t\t\t\t\t<span class=\"elementor-icon-list-text\">Valori<\/span>\n\t\t\t\t\t\t\t\t\t\t\t<\/a>\n\t\t\t\t\t\t\t\t\t<\/li>\n\t\t\t\t\t\t\t\t<li class=\"elementor-icon-list-item\">\n\t\t\t\t\t\t\t\t\t\t\t<a href=\"#cultura\">\n\n\t\t\t\t\t\t\t\t\t\t\t<span class=\"elementor-icon-list-text\">Cultur\u0103<\/span>\n\t\t\t\t\t\t\t\t\t\t\t<\/a>\n\t\t\t\t\t\t\t\t\t<\/li>\n\t\t\t\t\t\t<\/ul>\n\t\t\t\t<\/div>\n\t\t\t\t<\/div>\n\t\t\t\t\t<\/div>\n\t\t\t\t<\/div>\n\t\t\t\t<div class=\"elementor-element elementor-element-5a3423a elementor-widget elementor-widget-image\" data-id=\"5a3423a\" data-element_type=\"widget\" data-widget_type=\"image.default\">\n\t\t\t\t<div class=\"elementor-widget-container\">\n\t\t\t\t\t\t\t\t\t\t\t\t\t\t\t<img fetchpriority=\"high\" decoding=\"async\" width=\"1920\" height=\"688\" src=\"https:\/\/stillferro.com\/wp-content\/uploads\/2022\/12\/despre-noi.jpeg\" class=\"attachment-full size-full wp-image-1338\" alt=\"despre noi\" srcset=\"https:\/\/stillferro.com\/wp-content\/uploads\/2022\/12\/despre-noi.jpeg 1920w, https:\/\/stillferro.com\/wp-content\/uploads\/2022\/12\/despre-noi-300x108.jpeg 300w, https:\/\/stillferro.com\/wp-content\/uploads\/2022\/12\/despre-noi-1024x367.jpeg 1024w, https:\/\/stillferro.com\/wp-content\/uploads\/2022\/12\/despre-noi-768x275.jpeg 768w, https:\/\/stillferro.com\/wp-content\/uploads\/2022\/12\/despre-noi-1536x550.jpeg 1536w, https:\/\/stillferro.com\/wp-content\/uploads\/2022\/12\/despre-noi-18x6.jpeg 18w, https:\/\/stillferro.com\/wp-content\/uploads\/2022\/12\/despre-noi-400x143.jpeg 400w, https:\/\/stillferro.com\/wp-content\/uploads\/2022\/12\/despre-noi-900x323.jpeg 900w\" sizes=\"(max-width: 1920px) 100vw, 1920px\" \/>\t\t\t\t\t\t\t\t\t\t\t\t\t\t\t<\/div>\n\t\t\t\t<\/div>\n\t\t\t\t\t<\/div>\n\t\t\t\t<\/div>\n\t\t<div class=\"elementor-element elementor-element-a5ec856 e-flex e-con-boxed e-con e-parent\" data-id=\"a5ec856\" data-element_type=\"container\" data-settings=\"{&quot;content_width&quot;:&quot;boxed&quot;}\" data-core-v316-plus=\"true\">\n\t\t\t\t\t<div class=\"e-con-inner\">\n\t\t\t\t<div class=\"elementor-element elementor-element-d2e7864 elementor-widget__width-initial elementor-widget elementor-widget-heading\" data-id=\"d2e7864\" data-element_type=\"widget\" data-widget_type=\"heading.default\">\n\t\t\t\t<div class=\"elementor-widget-container\">\n\t\t\t<div class=\"elementor-heading-title elementor-size-default\">Still Ferro<\/div>\t\t<\/div>\n\t\t\t\t<\/div>\n\t\t\t\t<div class=\"elementor-element elementor-element-d19e318 elementor-widget__width-initial elementor-widget elementor-widget-heading\" data-id=\"d19e318\" data-element_type=\"widget\" data-widget_type=\"heading.default\">\n\t\t\t\t<div class=\"elementor-widget-container\">\n\t\t\t<h2 class=\"elementor-heading-title elementor-size-default\">Suntem produc\u0103tor autohton cu o echip\u0103 puternic\u0103 de me\u0219teri!<\/h2>\t\t<\/div>\n\t\t\t\t<\/div>\n\t\t<div class=\"elementor-element elementor-element-ecf9de1 e-flex e-con-boxed e-con e-child\" data-id=\"ecf9de1\" data-element_type=\"container\" data-settings=\"{&quot;content_width&quot;:&quot;boxed&quot;}\">\n\t\t\t\t\t<div class=\"e-con-inner\">\n\t\t<div class=\"elementor-element elementor-element-26d434d e-flex e-con-boxed e-con e-child\" data-id=\"26d434d\" data-element_type=\"container\" id=\"istoria\" data-settings=\"{&quot;content_width&quot;:&quot;boxed&quot;}\">\n\t\t\t\t\t<div class=\"e-con-inner\">\n\t\t\t\t<div class=\"elementor-element elementor-element-74e6f8b elementor-widget elementor-widget-heading\" data-id=\"74e6f8b\" data-element_type=\"widget\" data-widget_type=\"heading.default\">\n\t\t\t\t<div class=\"elementor-widget-container\">\n\t\t\t<h3 class=\"elementor-heading-title elementor-size-default\">Istoria noastr\u0103<\/h3>\t\t<\/div>\n\t\t\t\t<\/div>\n\t\t\t\t<div class=\"elementor-element elementor-element-1a07b87 elementor-widget elementor-widget-text-editor\" data-id=\"1a07b87\" data-element_type=\"widget\" data-widget_type=\"text-editor.default\">\n\t\t\t\t<div class=\"elementor-widget-container\">\n\t\t\t\t\t\t\t<p>Din 2009, oferim design inedit, calitate \u0219i personalizarea mobilei! Suntem produc\u0103tor autohton cu echip\u0103 puternic\u0103 de me\u0219teri!<\/p>\n<p>\u00cen catalogul nostru g\u0103si\u021bi canapele, dormitoare, mese, scaune, console, oglinzi, banchete \u0219i d\u00e9cor. Utiliz\u0103m materiale ecologice \u0219i tehnologii moderne de producere. Lucr\u0103m dup\u0103 standartele ISO 9001:2015 \u0219i GOST-ului 16371-93 \u0219i 19917-93. Produsele noastre sunt testat \u0219i certificate! Clien\u021bii no\u0219tri beneficiaz\u0103 de creditare, livrare, asamblare \u0219i garan\u021bie!<\/p>\n\t\t\t\t\t\t<\/div>\n\t\t\t\t<\/div>\n\t\t\t\t\t<\/div>\n\t\t\t\t<\/div>\n\t\t\t\t\t<\/div>\n\t\t\t\t<\/div>\n\t\t\t\t\t<\/div>\n\t\t\t\t<\/div>\n\t\t<div class=\"elementor-element elementor-element-1de1421 e-flex e-con-boxed e-con e-parent\" data-id=\"1de1421\" data-element_type=\"container\" data-settings=\"{&quot;content_width&quot;:&quot;boxed&quot;}\" data-core-v316-plus=\"true\">\n\t\t\t\t\t<div class=\"e-con-inner\">\n\t\t\t\t<div class=\"elementor-element elementor-element-2e8b708 elementor-widget elementor-widget-text-editor\" data-id=\"2e8b708\" data-element_type=\"widget\" data-widget_type=\"text-editor.default\">\n\t\t\t\t<div class=\"elementor-widget-container\">\n\t\t\t\t\t\t\t<p><strong>La numeroase solicit\u0103ri, export\u0103m produsele noastre peste hotare. Adresa noastr\u0103: \u0218oseaua Balcani 3A, Ghidighici, mun. Chi\u0219in\u0103u, Republica Moldova. <\/strong><\/p>\t\t\t\t\t\t<\/div>\n\t\t\t\t<\/div>\n\t\t\t\t\t<\/div>\n\t\t\t\t<\/div>\n\t\t<div class=\"elementor-element elementor-element-2a8fd93 featured_wrapper e-flex e-con-boxed e-con e-parent\" data-id=\"2a8fd93\" data-element_type=\"container\" id=\"valori\" data-settings=\"{&quot;background_background&quot;:&quot;classic&quot;,&quot;content_width&quot;:&quot;boxed&quot;}\" data-core-v316-plus=\"true\">\n\t\t\t\t\t<div class=\"e-con-inner\">\n\t\t\t\t<div class=\"elementor-element elementor-element-7b92f39 feat_img elementor-widget elementor-widget-image\" data-id=\"7b92f39\" data-element_type=\"widget\" data-widget_type=\"image.default\">\n\t\t\t\t<div class=\"elementor-widget-container\">\n\t\t\t\t\t\t\t\t\t\t\t\t\t\t\t<img decoding=\"async\" width=\"800\" height=\"833\" src=\"https:\/\/stillferro.com\/wp-content\/uploads\/2022\/12\/Mask-group.jpeg\" class=\"attachment-large size-large wp-image-1475\" alt=\"Mask group\" srcset=\"https:\/\/stillferro.com\/wp-content\/uploads\/2022\/12\/Mask-group.jpeg 960w, https:\/\/stillferro.com\/wp-content\/uploads\/2022\/12\/Mask-group-288x300.jpeg 288w, https:\/\/stillferro.com\/wp-content\/uploads\/2022\/12\/Mask-group-768x800.jpeg 768w, https:\/\/stillferro.com\/wp-content\/uploads\/2022\/12\/Mask-group-12x12.jpeg 12w, https:\/\/stillferro.com\/wp-content\/uploads\/2022\/12\/Mask-group-400x417.jpeg 400w, https:\/\/stillferro.com\/wp-content\/uploads\/2022\/12\/Mask-group-900x938.jpeg 900w\" sizes=\"(max-width: 800px) 100vw, 800px\" \/>\t\t\t\t\t\t\t\t\t\t\t\t\t\t\t<\/div>\n\t\t\t\t<\/div>\n\t\t<div class=\"elementor-element elementor-element-32a7f6a inner_col_2 e-flex e-con-boxed e-con e-child\" data-id=\"32a7f6a\" data-element_type=\"container\" data-settings=\"{&quot;content_width&quot;:&quot;boxed&quot;}\">\n\t\t\t\t\t<div class=\"e-con-inner\">\n\t\t\t\t<div class=\"elementor-element elementor-element-f95cfdb elementor-widget elementor-widget-heading\" data-id=\"f95cfdb\" data-element_type=\"widget\" data-widget_type=\"heading.default\">\n\t\t\t\t<div class=\"elementor-widget-container\">\n\t\t\t<h2 class=\"elementor-heading-title elementor-size-default\">Design Modern<\/h2>\t\t<\/div>\n\t\t\t\t<\/div>\n\t\t\t\t<div class=\"elementor-element elementor-element-8aa890b elementor-widget elementor-widget-text-editor\" data-id=\"8aa890b\" data-element_type=\"widget\" data-widget_type=\"text-editor.default\">\n\t\t\t\t<div class=\"elementor-widget-container\">\n\t\t\t\t\t\t\t<p>Colabor\u0103m cu desinerii de interior, \u0219i realiz\u0103m cele mai \u00eendr\u0103zne\u021be produse.<\/p><p>Suntem participan\u021bi la expozi\u021biile de mobil\u0103 Expo Milano, imm Cologne \u0219i BIFE-SIM.<\/p>\t\t\t\t\t\t<\/div>\n\t\t\t\t<\/div>\n\t\t\t\t\t<\/div>\n\t\t\t\t<\/div>\n\t\t\t\t\t<\/div>\n\t\t\t\t<\/div>\n\t\t\t\t\t\t\t<\/div>\n\t\t","protected":false},"excerpt":{"rendered":"<p>Despre noi Istoria Valori Cultur\u0103 Istoria Valori Cultur\u0103 Still Ferro Suntem produc\u0103tor autohton cu o echip\u0103 puternic\u0103 de me\u0219teri! Istoria noastr\u0103 Proiecte realizate 2010-Prezent Am produs 100 modele noi 2010-Prezent Am produs 100 modele noi 2022 Am produs 100 modele noi La numeroase solicit\u0103ri, export\u0103m produsele noastre peste hotare. Adresa noastr\u0103: \u0218oseaua Balcani 3A, Ghidighici, [&hellip;]<\/p>\n","protected":false},"author":6,"featured_media":0,"parent":0,"menu_order":0,"comment_status":"closed","ping_status":"closed","template":"","meta":{"_acf_changed":false,"footnotes":""},"class_list":["post-13","page","type-page","status-publish","hentry"],"acf":[],"_links":{"self":[{"href":"https:\/\/stillferro.com\/ro\/wp-json\/wp\/v2\/pages\/13","targetHints":{"allow":["GET"]}}],"collection":[{"href":"https:\/\/stillferro.com\/ro\/wp-json\/wp\/v2\/pages"}],"about":[{"href":"https:\/\/stillferro.com\/ro\/wp-json\/wp\/v2\/types\/page"}],"author":[{"embeddable":true,"href":"https:\/\/stillferro.com\/ro\/wp-json\/wp\/v2\/users\/6"}],"replies":[{"embeddable":true,"href":"https:\/\/stillferro.com\/ro\/wp-json\/wp\/v2\/comments?post=13"}],"version-history":[{"count":4,"href":"https:\/\/stillferro.com\/ro\/wp-json\/wp\/v2\/pages\/13\/revisions"}],"predecessor-version":[{"id":5964,"href":"https:\/\/stillferro.com\/ro\/wp-json\/wp\/v2\/pages\/13\/revisions\/5964"}],"wp:attachment":[{"href":"https:\/\/stillferro.com\/ro\/wp-json\/wp\/v2\/media?parent=13"}],"curies":[{"name":"wp","href":"https:\/\/api.w.org\/{rel}","templated":true}]}}