{"id":17,"date":"2022-11-26T02:32:46","date_gmt":"2022-11-26T00:32:46","guid":{"rendered":"https:\/\/stillferro.local\/?page_id=17"},"modified":"2023-02-27T17:22:50","modified_gmt":"2023-02-27T15:22:50","slug":"arhitecti-si-designeri","status":"publish","type":"page","link":"https:\/\/stillferro.com\/ro\/arhitecti-si-designeri\/","title":{"rendered":"Arhitec\u021bi \u0219i designeri"},"content":{"rendered":"\n<p>Apreciem cu adev\u0103rat oamenii creativi \u0219i suntem \u00eentotdeauna deschi\u0219i colabor\u0103rilor cu designeri \u0219i arhitec\u021bi.. Acest fapt este un avantaj care ne permite s\u0103 avem o abordare individual\u0103 a fiec\u0103rui client, asigur\u00e2nd posibilitatea de a crea cele mai bune proiecte din industrie! Colaborarea cu arhitec\u021bii \u0219i designerii este o prioritate pentru brandul Still Ferro \u0219i o mare satisfac\u021bie, pentru c\u0103 este pl\u0103cut s\u0103 colaborezi cu profesioni\u0219ti care au a\u0219tept\u0103ri \u0219i cerin\u021be exacte<\/p>\n","protected":false},"excerpt":{"rendered":"<p>Apreciem cu adev\u0103rat oamenii creativi \u0219i suntem \u00eentotdeauna deschi\u0219i colabor\u0103rilor cu designeri \u0219i arhitec\u021bi.. Acest fapt este un avantaj care ne permite s\u0103 avem o abordare individual\u0103 a fiec\u0103rui client, asigur\u00e2nd posibilitatea de a crea cele mai bune proiecte din industrie! Colaborarea cu arhitec\u021bii \u0219i designerii este o prioritate pentru brandul Still Ferro \u0219i o [&hellip;]<\/p>\n","protected":false},"author":6,"featured_media":0,"parent":0,"menu_order":0,"comment_status":"closed","ping_status":"closed","template":"","meta":{"_acf_changed":false,"footnotes":""},"class_list":["post-17","page","type-page","status-publish","hentry"],"acf":[],"_links":{"self":[{"href":"https:\/\/stillferro.com\/ro\/wp-json\/wp\/v2\/pages\/17","targetHints":{"allow":["GET"]}}],"collection":[{"href":"https:\/\/stillferro.com\/ro\/wp-json\/wp\/v2\/pages"}],"about":[{"href":"https:\/\/stillferro.com\/ro\/wp-json\/wp\/v2\/types\/page"}],"author":[{"embeddable":true,"href":"https:\/\/stillferro.com\/ro\/wp-json\/wp\/v2\/users\/6"}],"replies":[{"embeddable":true,"href":"https:\/\/stillferro.com\/ro\/wp-json\/wp\/v2\/comments?post=17"}],"version-history":[{"count":0,"href":"https:\/\/stillferro.com\/ro\/wp-json\/wp\/v2\/pages\/17\/revisions"}],"wp:attachment":[{"href":"https:\/\/stillferro.com\/ro\/wp-json\/wp\/v2\/media?parent=17"}],"curies":[{"name":"wp","href":"https:\/\/api.w.org\/{rel}","templated":true}]}}