{"id":3,"date":"2022-11-25T19:21:07","date_gmt":"2022-11-25T17:21:07","guid":{"rendered":"https:\/\/stillferro.local\/?page_id=3"},"modified":"2023-02-27T17:20:35","modified_gmt":"2023-02-27T15:20:35","slug":"politica-de-confidentialitate","status":"publish","type":"page","link":"https:\/\/stillferro.com\/ro\/politica-de-confidentialitate\/","title":{"rendered":"Politica de confiden\u021bialitate"},"content":{"rendered":"\n<p><strong>REGULAMENT DE PROTEC\u021aIE A DATELOR PERSONALE<\/strong><\/p>\n\n\n\n<p>Stillferro solicit\u0103 op\u021bional urm\u0103toarele informa\u021bii : Nume \u0219i prenume, Adresa de e-mail, Num\u0103r de telefon.<br>Datele personale sunt solicitate atunci c\u00e2nd clientul are nevoie de mai mult\u0103 informa\u021bie.<\/p>\n\n\n\n<p>Datele colectate sunt stocate pe serverul de e-mail \u0219i sunt colectate cu scopul de men\u021bine o comunicare eficient\u0103 \u00eentre companie \u0219i poten\u021bialul client. Datele colectate periodic urmeaz\u0103 s\u0103 fie \u0219terse.<\/p>\n","protected":false},"excerpt":{"rendered":"<p>REGULAMENT DE PROTEC\u021aIE A DATELOR PERSONALE Stillferro solicit\u0103 op\u021bional urm\u0103toarele informa\u021bii : Nume \u0219i prenume, Adresa de e-mail, Num\u0103r de telefon.Datele personale sunt solicitate atunci c\u00e2nd clientul are nevoie de mai mult\u0103 informa\u021bie. Datele colectate sunt stocate pe serverul de e-mail \u0219i sunt colectate cu scopul de men\u021bine o comunicare eficient\u0103 \u00eentre companie \u0219i poten\u021bialul [&hellip;]<\/p>\n","protected":false},"author":6,"featured_media":0,"parent":0,"menu_order":0,"comment_status":"closed","ping_status":"closed","template":"","meta":{"_acf_changed":false,"footnotes":""},"class_list":["post-3","page","type-page","status-publish","hentry"],"acf":[],"_links":{"self":[{"href":"https:\/\/stillferro.com\/ro\/wp-json\/wp\/v2\/pages\/3","targetHints":{"allow":["GET"]}}],"collection":[{"href":"https:\/\/stillferro.com\/ro\/wp-json\/wp\/v2\/pages"}],"about":[{"href":"https:\/\/stillferro.com\/ro\/wp-json\/wp\/v2\/types\/page"}],"author":[{"embeddable":true,"href":"https:\/\/stillferro.com\/ro\/wp-json\/wp\/v2\/users\/6"}],"replies":[{"embeddable":true,"href":"https:\/\/stillferro.com\/ro\/wp-json\/wp\/v2\/comments?post=3"}],"version-history":[{"count":0,"href":"https:\/\/stillferro.com\/ro\/wp-json\/wp\/v2\/pages\/3\/revisions"}],"wp:attachment":[{"href":"https:\/\/stillferro.com\/ro\/wp-json\/wp\/v2\/media?parent=3"}],"curies":[{"name":"wp","href":"https:\/\/api.w.org\/{rel}","templated":true}]}}