{"id":633,"date":"2022-11-30T21:47:47","date_gmt":"2022-11-30T19:47:47","guid":{"rendered":"https:\/\/stillferro.local\/?page_id=633"},"modified":"2023-02-27T17:19:34","modified_gmt":"2023-02-27T15:19:34","slug":"termenii-si-conditiile","status":"publish","type":"page","link":"https:\/\/stillferro.com\/ro\/termenii-si-conditiile\/","title":{"rendered":"Termenii \u0219i condi\u021biile"},"content":{"rendered":"\n<p>La \u00eenregistrarea comenzii discuta\u021bi cu consultantul despre termenii \u00een care urmeaz\u0103 s\u0103 fie realizat\u0103 comanda. Echipa Still Ferro respect\u0103 termenii discuta\u021bi ini\u021bial cu clientul. Termenii pot varia \u00een func\u021bie de complexitatea comenzii \u00eenregistrate. \u00cen mod standard termenii stabili\u021bi reprezint\u0103: 2-3 s\u0103pt\u0103m\u00e2ni. \u00cen caz de urgen\u021b\u0103, anun\u021ba\u021bi-ne, suntem receptivi, o s\u0103 \u00eencerc\u0103m s\u0103 v\u0103 ajut\u0103m. La \u00eenregistrarea comenzii este nevoie de a achita suma integral\u0103, fie avans nu mai pu\u021bin de 30%.<\/p>\n","protected":false},"excerpt":{"rendered":"<p>La \u00eenregistrarea comenzii discuta\u021bi cu consultantul despre termenii \u00een care urmeaz\u0103 s\u0103 fie realizat\u0103 comanda. Echipa Still Ferro respect\u0103 termenii discuta\u021bi ini\u021bial cu clientul. Termenii pot varia \u00een func\u021bie de complexitatea comenzii \u00eenregistrate. \u00cen mod standard termenii stabili\u021bi reprezint\u0103: 2-3 s\u0103pt\u0103m\u00e2ni. \u00cen caz de urgen\u021b\u0103, anun\u021ba\u021bi-ne, suntem receptivi, o s\u0103 \u00eencerc\u0103m s\u0103 v\u0103 ajut\u0103m. La [&hellip;]<\/p>\n","protected":false},"author":6,"featured_media":0,"parent":0,"menu_order":0,"comment_status":"closed","ping_status":"closed","template":"","meta":{"_acf_changed":false,"footnotes":""},"class_list":["post-633","page","type-page","status-publish","hentry"],"acf":[],"_links":{"self":[{"href":"https:\/\/stillferro.com\/ro\/wp-json\/wp\/v2\/pages\/633","targetHints":{"allow":["GET"]}}],"collection":[{"href":"https:\/\/stillferro.com\/ro\/wp-json\/wp\/v2\/pages"}],"about":[{"href":"https:\/\/stillferro.com\/ro\/wp-json\/wp\/v2\/types\/page"}],"author":[{"embeddable":true,"href":"https:\/\/stillferro.com\/ro\/wp-json\/wp\/v2\/users\/6"}],"replies":[{"embeddable":true,"href":"https:\/\/stillferro.com\/ro\/wp-json\/wp\/v2\/comments?post=633"}],"version-history":[{"count":0,"href":"https:\/\/stillferro.com\/ro\/wp-json\/wp\/v2\/pages\/633\/revisions"}],"wp:attachment":[{"href":"https:\/\/stillferro.com\/ro\/wp-json\/wp\/v2\/media?parent=633"}],"curies":[{"name":"wp","href":"https:\/\/api.w.org\/{rel}","templated":true}]}}