{"id":1818,"date":"2022-12-30T17:33:03","date_gmt":"2022-12-30T15:33:03","guid":{"rendered":"https:\/\/stillferro.local\/?post_type=product&#038;p=1818"},"modified":"2023-10-24T00:29:59","modified_gmt":"2023-10-23T21:29:59","slug":"pat-melc","status":"publish","type":"product","link":"https:\/\/stillferro.com\/ro\/paturi\/paturi-matrimoniale\/pat-melc\/","title":{"rendered":"Pat Melc"},"content":{"rendered":"<p>Cadru pat.<\/p>\n<p>Po\u0163i aspira u\u015for sub cadrul patului pentru a men\u0163ine spa\u0163iul curat \u015fi f\u0103r\u0103 praf.<\/p>\n","protected":false},"excerpt":{"rendered":"<p>Cadru pat. Po\u0163i aspira u\u015for sub cadrul patului pentru a men\u0163ine spa\u0163iul curat \u015fi f\u0103r\u0103 praf.<\/p>\n","protected":false},"featured_media":1819,"comment_status":"closed","ping_status":"closed","template":"","meta":{"_acf_changed":false},"product_brand":[],"product_cat":[49,58],"product_tag":[],"class_list":{"0":"post-1818","1":"product","2":"type-product","3":"status-publish","4":"has-post-thumbnail","6":"product_cat-paturi","7":"product_cat-paturi-matrimoniale","9":"first","10":"instock","11":"shipping-taxable","12":"purchasable","13":"product-type-simple"},"acf":[],"_links":{"self":[{"href":"https:\/\/stillferro.com\/ro\/wp-json\/wp\/v2\/product\/1818","targetHints":{"allow":["GET"]}}],"collection":[{"href":"https:\/\/stillferro.com\/ro\/wp-json\/wp\/v2\/product"}],"about":[{"href":"https:\/\/stillferro.com\/ro\/wp-json\/wp\/v2\/types\/product"}],"replies":[{"embeddable":true,"href":"https:\/\/stillferro.com\/ro\/wp-json\/wp\/v2\/comments?post=1818"}],"version-history":[{"count":0,"href":"https:\/\/stillferro.com\/ro\/wp-json\/wp\/v2\/product\/1818\/revisions"}],"wp:featuredmedia":[{"embeddable":true,"href":"https:\/\/stillferro.com\/ro\/wp-json\/wp\/v2\/media\/1819"}],"wp:attachment":[{"href":"https:\/\/stillferro.com\/ro\/wp-json\/wp\/v2\/media?parent=1818"}],"wp:term":[{"taxonomy":"product_brand","embeddable":true,"href":"https:\/\/stillferro.com\/ro\/wp-json\/wp\/v2\/product_brand?post=1818"},{"taxonomy":"product_cat","embeddable":true,"href":"https:\/\/stillferro.com\/ro\/wp-json\/wp\/v2\/product_cat?post=1818"},{"taxonomy":"product_tag","embeddable":true,"href":"https:\/\/stillferro.com\/ro\/wp-json\/wp\/v2\/product_tag?post=1818"}],"curies":[{"name":"wp","href":"https:\/\/api.w.org\/{rel}","templated":true}]}}