{"id":1977,"date":"2023-01-09T18:34:19","date_gmt":"2023-01-09T16:34:19","guid":{"rendered":"https:\/\/stillferro.local\/?post_type=product&#038;p=1977"},"modified":"2023-10-24T10:55:00","modified_gmt":"2023-10-24T07:55:00","slug":"pat-mickey-mouse","status":"publish","type":"product","link":"https:\/\/stillferro.com\/ro\/paturi\/paturi-pentru-copii\/pat-mickey-mouse\/","title":{"rendered":"Pat Mickey Mouse"},"content":{"rendered":"<p>Cadru pat.<\/p>\n<p>Po\u0163i aspira u\u015for sub cadrul patului pentru a men\u0163ine spa\u0163iul curat \u015fi f\u0103r\u0103 praf.<\/p>\n","protected":false},"excerpt":{"rendered":"<p>Cadru pat. Po\u0163i aspira u\u015for sub cadrul patului pentru a men\u0163ine spa\u0163iul curat \u015fi f\u0103r\u0103 praf.<\/p>\n","protected":false},"featured_media":1978,"comment_status":"closed","ping_status":"closed","template":"","meta":{"_acf_changed":false},"product_brand":[],"product_cat":[49,48],"product_tag":[],"class_list":{"0":"post-1977","1":"product","2":"type-product","3":"status-publish","4":"has-post-thumbnail","6":"product_cat-paturi","7":"product_cat-paturi-pentru-copii","9":"first","10":"instock","11":"shipping-taxable","12":"purchasable","13":"product-type-simple"},"acf":[],"_links":{"self":[{"href":"https:\/\/stillferro.com\/ro\/wp-json\/wp\/v2\/product\/1977","targetHints":{"allow":["GET"]}}],"collection":[{"href":"https:\/\/stillferro.com\/ro\/wp-json\/wp\/v2\/product"}],"about":[{"href":"https:\/\/stillferro.com\/ro\/wp-json\/wp\/v2\/types\/product"}],"replies":[{"embeddable":true,"href":"https:\/\/stillferro.com\/ro\/wp-json\/wp\/v2\/comments?post=1977"}],"version-history":[{"count":0,"href":"https:\/\/stillferro.com\/ro\/wp-json\/wp\/v2\/product\/1977\/revisions"}],"wp:featuredmedia":[{"embeddable":true,"href":"https:\/\/stillferro.com\/ro\/wp-json\/wp\/v2\/media\/1978"}],"wp:attachment":[{"href":"https:\/\/stillferro.com\/ro\/wp-json\/wp\/v2\/media?parent=1977"}],"wp:term":[{"taxonomy":"product_brand","embeddable":true,"href":"https:\/\/stillferro.com\/ro\/wp-json\/wp\/v2\/product_brand?post=1977"},{"taxonomy":"product_cat","embeddable":true,"href":"https:\/\/stillferro.com\/ro\/wp-json\/wp\/v2\/product_cat?post=1977"},{"taxonomy":"product_tag","embeddable":true,"href":"https:\/\/stillferro.com\/ro\/wp-json\/wp\/v2\/product_tag?post=1977"}],"curies":[{"name":"wp","href":"https:\/\/api.w.org\/{rel}","templated":true}]}}