{"id":2060,"date":"2023-02-17T11:34:26","date_gmt":"2023-02-17T09:34:26","guid":{"rendered":"https:\/\/stillferro.local\/?post_type=product&#038;p=2060"},"modified":"2023-10-20T12:26:09","modified_gmt":"2023-10-20T09:26:09","slug":"pat-armonie","status":"publish","type":"product","link":"https:\/\/stillferro.com\/ro\/paturi\/paturi-matrimoniale\/pat-armonie\/","title":{"rendered":"Pat Armonie"},"content":{"rendered":"<p>Cadru pat.<\/p>\n<p>Po\u0163i aspira u\u015for sub cadrul patului pentru a men\u0163ine spa\u0163iul curat \u015fi f\u0103r\u0103 praf.<\/p>\n","protected":false},"excerpt":{"rendered":"<p>Pat tapi\u021bat. Somiera patului este rabatabil\u0103, oferind spa\u021biul perfect pentru depozitare. Stofa ca nuanta si textura poate fi aleasa din 8 categorii de producatori diferiti , peste 35 de cataloage si mostrare.<\/p>\n<p>Salteaua nu este inclusa in pret. Pozele sunt cu titlu de prezentare.<\/p>\n","protected":false},"featured_media":2064,"comment_status":"closed","ping_status":"closed","template":"","meta":{"_acf_changed":false},"product_brand":[],"product_cat":[49,58],"product_tag":[],"class_list":{"0":"post-2060","1":"product","2":"type-product","3":"status-publish","4":"has-post-thumbnail","6":"product_cat-paturi","7":"product_cat-paturi-matrimoniale","9":"first","10":"instock","11":"shipping-taxable","12":"purchasable","13":"product-type-simple"},"acf":[],"_links":{"self":[{"href":"https:\/\/stillferro.com\/ro\/wp-json\/wp\/v2\/product\/2060","targetHints":{"allow":["GET"]}}],"collection":[{"href":"https:\/\/stillferro.com\/ro\/wp-json\/wp\/v2\/product"}],"about":[{"href":"https:\/\/stillferro.com\/ro\/wp-json\/wp\/v2\/types\/product"}],"replies":[{"embeddable":true,"href":"https:\/\/stillferro.com\/ro\/wp-json\/wp\/v2\/comments?post=2060"}],"version-history":[{"count":0,"href":"https:\/\/stillferro.com\/ro\/wp-json\/wp\/v2\/product\/2060\/revisions"}],"wp:featuredmedia":[{"embeddable":true,"href":"https:\/\/stillferro.com\/ro\/wp-json\/wp\/v2\/media\/2064"}],"wp:attachment":[{"href":"https:\/\/stillferro.com\/ro\/wp-json\/wp\/v2\/media?parent=2060"}],"wp:term":[{"taxonomy":"product_brand","embeddable":true,"href":"https:\/\/stillferro.com\/ro\/wp-json\/wp\/v2\/product_brand?post=2060"},{"taxonomy":"product_cat","embeddable":true,"href":"https:\/\/stillferro.com\/ro\/wp-json\/wp\/v2\/product_cat?post=2060"},{"taxonomy":"product_tag","embeddable":true,"href":"https:\/\/stillferro.com\/ro\/wp-json\/wp\/v2\/product_tag?post=2060"}],"curies":[{"name":"wp","href":"https:\/\/api.w.org\/{rel}","templated":true}]}}