{"id":2304,"date":"2023-02-17T16:52:38","date_gmt":"2023-02-17T14:52:38","guid":{"rendered":"https:\/\/stillferro.local\/?post_type=product&#038;p=2304"},"modified":"2026-01-26T10:29:22","modified_gmt":"2026-01-26T08:29:22","slug":"oglinda-royal","status":"publish","type":"product","link":"https:\/\/stillferro.com\/ro\/outlet-cat\/oglinda-royal\/","title":{"rendered":"Oglinda Royal"},"content":{"rendered":"<p>Oglind\u0103 oval\u0103, 580*780. Disponibil\u0103 \u00een 2 culori diferite.<\/p>\n","protected":false},"excerpt":{"rendered":"<p>Oglind\u0103 oval\u0103, 580*780. Disponibil\u0103 \u00een 2 culori diferite.<\/p>\n","protected":false},"featured_media":2305,"comment_status":"closed","ping_status":"closed","template":"","meta":{"_acf_changed":false},"product_brand":[],"product_cat":[92],"product_tag":[],"class_list":{"0":"post-2304","1":"product","2":"type-product","3":"status-publish","4":"has-post-thumbnail","6":"product_cat-outlet-cat","8":"first","9":"instock","10":"sale","11":"shipping-taxable","12":"purchasable","13":"product-type-simple"},"acf":[],"_links":{"self":[{"href":"https:\/\/stillferro.com\/ro\/wp-json\/wp\/v2\/product\/2304","targetHints":{"allow":["GET"]}}],"collection":[{"href":"https:\/\/stillferro.com\/ro\/wp-json\/wp\/v2\/product"}],"about":[{"href":"https:\/\/stillferro.com\/ro\/wp-json\/wp\/v2\/types\/product"}],"replies":[{"embeddable":true,"href":"https:\/\/stillferro.com\/ro\/wp-json\/wp\/v2\/comments?post=2304"}],"version-history":[{"count":0,"href":"https:\/\/stillferro.com\/ro\/wp-json\/wp\/v2\/product\/2304\/revisions"}],"wp:featuredmedia":[{"embeddable":true,"href":"https:\/\/stillferro.com\/ro\/wp-json\/wp\/v2\/media\/2305"}],"wp:attachment":[{"href":"https:\/\/stillferro.com\/ro\/wp-json\/wp\/v2\/media?parent=2304"}],"wp:term":[{"taxonomy":"product_brand","embeddable":true,"href":"https:\/\/stillferro.com\/ro\/wp-json\/wp\/v2\/product_brand?post=2304"},{"taxonomy":"product_cat","embeddable":true,"href":"https:\/\/stillferro.com\/ro\/wp-json\/wp\/v2\/product_cat?post=2304"},{"taxonomy":"product_tag","embeddable":true,"href":"https:\/\/stillferro.com\/ro\/wp-json\/wp\/v2\/product_tag?post=2304"}],"curies":[{"name":"wp","href":"https:\/\/api.w.org\/{rel}","templated":true}]}}