{"id":2443,"date":"2024-10-29T17:41:09","date_gmt":"2024-10-29T15:41:09","guid":{"rendered":"https:\/\/stillferro.local\/?post_type=product&#038;p=2443"},"modified":"2025-11-21T15:08:30","modified_gmt":"2025-11-21T13:08:30","slug":"canapea-eternity","status":"publish","type":"product","link":"https:\/\/stillferro.com\/ro\/canapele\/canapea-eternity\/","title":{"rendered":"Canapea Eternity"},"content":{"rendered":"<p data-start=\"376\" data-end=\"530\">Canapea modular\u0103 de col\u021b. Poate fi executat\u0103 \u00een dimensiuni individuale. Picioarele sunt din metal \u0219i pot fi realizate \u00eentr-o gam\u0103 variat\u0103 de nuan\u021be. Stofa poate fi aleas\u0103 dup\u0103 culoare \u0219i textur\u0103 din 8 categorii de produc\u0103tori diferi\u021bi, cu peste 35 de cataloage \u0219i monstre disponibile. Imaginile sunt cu titlu de prezentare.<\/p>\n<p data-start=\"711\" data-end=\"792\">\u00cen fotografii, canapeaua este prezentat\u0103 \u00een stof\u0103 categoria 7, produc\u0103tor Spania.<\/p>\n","protected":false},"excerpt":{"rendered":"<p>Canapea modular\u0103 de col\u021b. Poate fi executat\u0103 \u00een dimensiuni individuale. Picioarele sunt din metal \u0219i pot fi realizate \u00eentr-o gam\u0103 variat\u0103 de nuan\u021be. Stofa poate fi aleas\u0103 dup\u0103 culoare \u0219i textur\u0103 din 8 categorii de produc\u0103tori diferi\u021bi, cu peste 35 de cataloage \u0219i monstre disponibile. Imaginile sunt cu titlu de prezentare. \u00cen fotografii, canapeaua este [&hellip;]<\/p>\n","protected":false},"featured_media":2444,"comment_status":"closed","ping_status":"closed","template":"","meta":{"_acf_changed":false},"product_brand":[],"product_cat":[32],"product_tag":[],"class_list":{"0":"post-2443","1":"product","2":"type-product","3":"status-publish","4":"has-post-thumbnail","6":"product_cat-canapele","8":"first","9":"instock","10":"shipping-taxable","11":"purchasable","12":"product-type-simple"},"acf":[],"_links":{"self":[{"href":"https:\/\/stillferro.com\/ro\/wp-json\/wp\/v2\/product\/2443","targetHints":{"allow":["GET"]}}],"collection":[{"href":"https:\/\/stillferro.com\/ro\/wp-json\/wp\/v2\/product"}],"about":[{"href":"https:\/\/stillferro.com\/ro\/wp-json\/wp\/v2\/types\/product"}],"replies":[{"embeddable":true,"href":"https:\/\/stillferro.com\/ro\/wp-json\/wp\/v2\/comments?post=2443"}],"version-history":[{"count":1,"href":"https:\/\/stillferro.com\/ro\/wp-json\/wp\/v2\/product\/2443\/revisions"}],"predecessor-version":[{"id":5570,"href":"https:\/\/stillferro.com\/ro\/wp-json\/wp\/v2\/product\/2443\/revisions\/5570"}],"wp:featuredmedia":[{"embeddable":true,"href":"https:\/\/stillferro.com\/ro\/wp-json\/wp\/v2\/media\/2444"}],"wp:attachment":[{"href":"https:\/\/stillferro.com\/ro\/wp-json\/wp\/v2\/media?parent=2443"}],"wp:term":[{"taxonomy":"product_brand","embeddable":true,"href":"https:\/\/stillferro.com\/ro\/wp-json\/wp\/v2\/product_brand?post=2443"},{"taxonomy":"product_cat","embeddable":true,"href":"https:\/\/stillferro.com\/ro\/wp-json\/wp\/v2\/product_cat?post=2443"},{"taxonomy":"product_tag","embeddable":true,"href":"https:\/\/stillferro.com\/ro\/wp-json\/wp\/v2\/product_tag?post=2443"}],"curies":[{"name":"wp","href":"https:\/\/api.w.org\/{rel}","templated":true}]}}