{"id":4089,"date":"2024-10-24T18:15:17","date_gmt":"2024-10-24T15:15:17","guid":{"rendered":"https:\/\/stillferro.local\/?post_type=product&#038;p=4089"},"modified":"2025-12-09T13:34:09","modified_gmt":"2025-12-09T11:34:09","slug":"canapeaua-melbourne","status":"publish","type":"product","link":"https:\/\/stillferro.com\/ro\/canapele\/canapeaua-melbourne\/","title":{"rendered":"Canapea Melbourne"},"content":{"rendered":"<p>Canapeaua extensibil\u0103 Melbourne este perfect\u0103 pentru somnul zilnic.<\/p>\n<p>Aceasta con\u021bine arcuri individuale \u0219i spum\u0103 poliuretanic\u0103 de diferite densit\u0103\u021bi, care promite un confort maxim \u00een timpul odihnei.<\/p>\n","protected":false},"excerpt":{"rendered":"<p>Canapeaua extensibil\u0103 Melbourne este perfect\u0103 pentru somnul zilnic. Aceasta con\u021bine arcuri individuale \u0219i spum\u0103 poliuretanic\u0103 de diferite densit\u0103\u021bi, care promite un confort maxim \u00een timpul odihnei.<\/p>\n","protected":false},"featured_media":4090,"comment_status":"closed","ping_status":"closed","template":"","meta":{"_acf_changed":false},"product_brand":[],"product_cat":[32],"product_tag":[],"class_list":{"0":"post-4089","1":"product","2":"type-product","3":"status-publish","4":"has-post-thumbnail","6":"product_cat-canapele","8":"first","9":"instock","10":"shipping-taxable","11":"purchasable","12":"product-type-simple"},"acf":[],"_links":{"self":[{"href":"https:\/\/stillferro.com\/ro\/wp-json\/wp\/v2\/product\/4089","targetHints":{"allow":["GET"]}}],"collection":[{"href":"https:\/\/stillferro.com\/ro\/wp-json\/wp\/v2\/product"}],"about":[{"href":"https:\/\/stillferro.com\/ro\/wp-json\/wp\/v2\/types\/product"}],"replies":[{"embeddable":true,"href":"https:\/\/stillferro.com\/ro\/wp-json\/wp\/v2\/comments?post=4089"}],"version-history":[{"count":0,"href":"https:\/\/stillferro.com\/ro\/wp-json\/wp\/v2\/product\/4089\/revisions"}],"wp:featuredmedia":[{"embeddable":true,"href":"https:\/\/stillferro.com\/ro\/wp-json\/wp\/v2\/media\/4090"}],"wp:attachment":[{"href":"https:\/\/stillferro.com\/ro\/wp-json\/wp\/v2\/media?parent=4089"}],"wp:term":[{"taxonomy":"product_brand","embeddable":true,"href":"https:\/\/stillferro.com\/ro\/wp-json\/wp\/v2\/product_brand?post=4089"},{"taxonomy":"product_cat","embeddable":true,"href":"https:\/\/stillferro.com\/ro\/wp-json\/wp\/v2\/product_cat?post=4089"},{"taxonomy":"product_tag","embeddable":true,"href":"https:\/\/stillferro.com\/ro\/wp-json\/wp\/v2\/product_tag?post=4089"}],"curies":[{"name":"wp","href":"https:\/\/api.w.org\/{rel}","templated":true}]}}