{"id":4152,"date":"2024-10-22T14:03:05","date_gmt":"2024-10-22T11:03:05","guid":{"rendered":"https:\/\/stillferro.local\/?post_type=product&#038;p=4152"},"modified":"2026-02-06T14:24:47","modified_gmt":"2026-02-06T12:24:47","slug":"canapea-budapest","status":"publish","type":"product","link":"https:\/\/stillferro.com\/ro\/canapele\/canapea-budapest\/","title":{"rendered":"Canapea Budapest"},"content":{"rendered":"<p>Canapeaua Budapest, este extensibil\u0103 \u0219i conceput\u0103 pentru somnul zilnic.<span class=\"Apple-converted-space\">\u00a0<\/span><\/p>\n<p>Spa\u021biul de dormit con\u021bine arcuri bonel \u0219i spum\u0103 poliuretanic\u0103 de diferite densit\u0103\u021bi, ce asigur\u0103 un confort maxim \u00een timpul odihnei.<\/p>\n","protected":false},"excerpt":{"rendered":"<p>Canapeaua Budapest, este extensibil\u0103 \u0219i conceput\u0103 pentru somnul zilnic.\u00a0 Spa\u021biul de dormit con\u021bine arcuri bonel \u0219i spum\u0103 poliuretanic\u0103 de diferite densit\u0103\u021bi, ce asigur\u0103 un confort maxim \u00een timpul odihnei.<\/p>\n","protected":false},"featured_media":4947,"comment_status":"closed","ping_status":"closed","template":"","meta":{"_acf_changed":false},"product_brand":[],"product_cat":[32],"product_tag":[],"class_list":{"0":"post-4152","1":"product","2":"type-product","3":"status-publish","4":"has-post-thumbnail","6":"product_cat-canapele","8":"first","9":"outofstock","10":"shipping-taxable","11":"product-type-simple"},"acf":[],"_links":{"self":[{"href":"https:\/\/stillferro.com\/ro\/wp-json\/wp\/v2\/product\/4152","targetHints":{"allow":["GET"]}}],"collection":[{"href":"https:\/\/stillferro.com\/ro\/wp-json\/wp\/v2\/product"}],"about":[{"href":"https:\/\/stillferro.com\/ro\/wp-json\/wp\/v2\/types\/product"}],"replies":[{"embeddable":true,"href":"https:\/\/stillferro.com\/ro\/wp-json\/wp\/v2\/comments?post=4152"}],"version-history":[{"count":0,"href":"https:\/\/stillferro.com\/ro\/wp-json\/wp\/v2\/product\/4152\/revisions"}],"wp:featuredmedia":[{"embeddable":true,"href":"https:\/\/stillferro.com\/ro\/wp-json\/wp\/v2\/media\/4947"}],"wp:attachment":[{"href":"https:\/\/stillferro.com\/ro\/wp-json\/wp\/v2\/media?parent=4152"}],"wp:term":[{"taxonomy":"product_brand","embeddable":true,"href":"https:\/\/stillferro.com\/ro\/wp-json\/wp\/v2\/product_brand?post=4152"},{"taxonomy":"product_cat","embeddable":true,"href":"https:\/\/stillferro.com\/ro\/wp-json\/wp\/v2\/product_cat?post=4152"},{"taxonomy":"product_tag","embeddable":true,"href":"https:\/\/stillferro.com\/ro\/wp-json\/wp\/v2\/product_tag?post=4152"}],"curies":[{"name":"wp","href":"https:\/\/api.w.org\/{rel}","templated":true}]}}