{"id":4155,"date":"2024-01-25T14:19:11","date_gmt":"2024-01-25T12:19:11","guid":{"rendered":"https:\/\/stillferro.local\/?post_type=product&#038;p=4155"},"modified":"2026-03-11T11:54:12","modified_gmt":"2026-03-11T09:54:12","slug":"canapea-colt-budapest","status":"publish","type":"product","link":"https:\/\/stillferro.com\/ro\/outlet-cat\/canapea-colt-budapest\/","title":{"rendered":"Canapea Col\u021b Budapest"},"content":{"rendered":"<p>Canapeaua col\u021b Budapest 3000*1600, este extensibil\u0103 \u0219i conceput\u0103 pentru somnul zilnic.<\/p>\n<p>Spa\u021biul de dormit con\u021bine arcuri bonel \u0219i spum\u0103 poliuretanic\u0103 de diferite densit\u0103\u021bi, ce asigur\u0103 un confort maxim \u00een timpul odihnei.<\/p>\n","protected":false},"excerpt":{"rendered":"<p>Canapeaua col\u021b Budapest 3000*1600, este extensibil\u0103 \u0219i conceput\u0103 pentru somnul zilnic. Spa\u021biul de dormit con\u021bine arcuri bonel \u0219i spum\u0103 poliuretanic\u0103 de diferite densit\u0103\u021bi, ce asigur\u0103 un confort maxim \u00een timpul odihnei.<\/p>\n","protected":false},"featured_media":4157,"comment_status":"closed","ping_status":"closed","template":"","meta":{"_acf_changed":false},"product_brand":[],"product_cat":[92],"product_tag":[],"class_list":{"0":"post-4155","1":"product","2":"type-product","3":"status-publish","4":"has-post-thumbnail","6":"product_cat-outlet-cat","8":"first","9":"instock","10":"sale","11":"shipping-taxable","12":"purchasable","13":"product-type-simple"},"acf":[],"_links":{"self":[{"href":"https:\/\/stillferro.com\/ro\/wp-json\/wp\/v2\/product\/4155","targetHints":{"allow":["GET"]}}],"collection":[{"href":"https:\/\/stillferro.com\/ro\/wp-json\/wp\/v2\/product"}],"about":[{"href":"https:\/\/stillferro.com\/ro\/wp-json\/wp\/v2\/types\/product"}],"replies":[{"embeddable":true,"href":"https:\/\/stillferro.com\/ro\/wp-json\/wp\/v2\/comments?post=4155"}],"version-history":[{"count":1,"href":"https:\/\/stillferro.com\/ro\/wp-json\/wp\/v2\/product\/4155\/revisions"}],"predecessor-version":[{"id":6178,"href":"https:\/\/stillferro.com\/ro\/wp-json\/wp\/v2\/product\/4155\/revisions\/6178"}],"wp:featuredmedia":[{"embeddable":true,"href":"https:\/\/stillferro.com\/ro\/wp-json\/wp\/v2\/media\/4157"}],"wp:attachment":[{"href":"https:\/\/stillferro.com\/ro\/wp-json\/wp\/v2\/media?parent=4155"}],"wp:term":[{"taxonomy":"product_brand","embeddable":true,"href":"https:\/\/stillferro.com\/ro\/wp-json\/wp\/v2\/product_brand?post=4155"},{"taxonomy":"product_cat","embeddable":true,"href":"https:\/\/stillferro.com\/ro\/wp-json\/wp\/v2\/product_cat?post=4155"},{"taxonomy":"product_tag","embeddable":true,"href":"https:\/\/stillferro.com\/ro\/wp-json\/wp\/v2\/product_tag?post=4155"}],"curies":[{"name":"wp","href":"https:\/\/api.w.org\/{rel}","templated":true}]}}