{"id":4295,"date":"2024-01-31T14:27:57","date_gmt":"2024-01-31T12:27:57","guid":{"rendered":"https:\/\/stillferro.local\/?post_type=product&#038;p=4295"},"modified":"2025-01-28T11:36:55","modified_gmt":"2025-01-28T09:36:55","slug":"pat-leon","status":"publish","type":"product","link":"https:\/\/stillferro.com\/ro\/paturi\/paturi-matrimoniale\/pat-leon\/","title":{"rendered":"Pat Leon"},"content":{"rendered":"<p>Pat tapi\u021bat. Somiera patului este rabatabil\u0103, oferind spa\u021biul perfect pentru depozitare.<\/p>\n<p>Stofa ca nuan\u021b\u0103 \u0219i textur\u0103, poate fi aleas\u0103 din 8 categorii de produc\u0103tori diferi\u021bi, peste 35 de cataloage \u0219i mostrare.<\/p>\n<p>Salteaua nu este inclusa \u00een pre\u021b. Pozele sunt cu titlu de prezentare.<\/p>\n","protected":false},"excerpt":{"rendered":"<p>Pat tapi\u021bat. Somiera patului este rabatabil\u0103, oferind spa\u021biul perfect pentru depozitare. Stofa ca nuan\u021b\u0103 \u0219i textur\u0103, poate fi aleas\u0103 din 8 categorii de produc\u0103tori diferi\u021bi, peste 35 de cataloage \u0219i mostrare. Salteaua nu este inclusa \u00een pre\u021b. Pozele sunt cu titlu de prezentare.<\/p>\n","protected":false},"featured_media":4770,"comment_status":"closed","ping_status":"closed","template":"","meta":{"_acf_changed":false},"product_brand":[],"product_cat":[49,58],"product_tag":[],"class_list":{"0":"post-4295","1":"product","2":"type-product","3":"status-publish","4":"has-post-thumbnail","6":"product_cat-paturi","7":"product_cat-paturi-matrimoniale","9":"first","10":"instock","11":"shipping-taxable","12":"purchasable","13":"product-type-simple"},"acf":[],"_links":{"self":[{"href":"https:\/\/stillferro.com\/ro\/wp-json\/wp\/v2\/product\/4295","targetHints":{"allow":["GET"]}}],"collection":[{"href":"https:\/\/stillferro.com\/ro\/wp-json\/wp\/v2\/product"}],"about":[{"href":"https:\/\/stillferro.com\/ro\/wp-json\/wp\/v2\/types\/product"}],"replies":[{"embeddable":true,"href":"https:\/\/stillferro.com\/ro\/wp-json\/wp\/v2\/comments?post=4295"}],"version-history":[{"count":0,"href":"https:\/\/stillferro.com\/ro\/wp-json\/wp\/v2\/product\/4295\/revisions"}],"wp:featuredmedia":[{"embeddable":true,"href":"https:\/\/stillferro.com\/ro\/wp-json\/wp\/v2\/media\/4770"}],"wp:attachment":[{"href":"https:\/\/stillferro.com\/ro\/wp-json\/wp\/v2\/media?parent=4295"}],"wp:term":[{"taxonomy":"product_brand","embeddable":true,"href":"https:\/\/stillferro.com\/ro\/wp-json\/wp\/v2\/product_brand?post=4295"},{"taxonomy":"product_cat","embeddable":true,"href":"https:\/\/stillferro.com\/ro\/wp-json\/wp\/v2\/product_cat?post=4295"},{"taxonomy":"product_tag","embeddable":true,"href":"https:\/\/stillferro.com\/ro\/wp-json\/wp\/v2\/product_tag?post=4295"}],"curies":[{"name":"wp","href":"https:\/\/api.w.org\/{rel}","templated":true}]}}