{"id":4690,"date":"2025-01-06T13:28:55","date_gmt":"2025-01-06T11:28:55","guid":{"rendered":"https:\/\/stillferro.local\/?post_type=product&#038;p=4690"},"modified":"2025-08-07T13:44:41","modified_gmt":"2025-08-07T10:44:41","slug":"saltea-saturno-lusso","status":"publish","type":"product","link":"https:\/\/stillferro.com\/ro\/saltele\/saltea-saturno-lusso\/","title":{"rendered":"Saltea Saturno Lusso"},"content":{"rendered":"<ul>\n<li>Saltea &#8211; arcuri independente &#8211; ortopedic\u0103\/ergonomic\u0103 &#8211; 2 in 1<\/li>\n<li>\u00cen\u0103l\u021bime 23 cm | Rezisten\u021b\u0103 60-120 kg<\/li>\n<li>Proiectat cu suprafa\u021b\u0103 anatomic\u0103 | 800 arcuri independente<\/li>\n<\/ul>\n<p><strong>Dimensiuni:<\/strong> Lungime cm: <strong>190, 195, 200<\/strong> | L\u0103\u021bime cm: <strong>80, 85, 90, 120, 140, 160, 165, 170, 180.<\/strong><\/p>\n<div><\/div>\n","protected":false},"excerpt":{"rendered":"<p>Saltea &#8211; arcuri independente &#8211; ortopedic\u0103\/ergonomic\u0103 &#8211; 2 in 1 \u00cen\u0103l\u021bime 23 cm | Rezisten\u021b\u0103 60-120 kg Proiectat cu suprafa\u021b\u0103 anatomic\u0103 | 800 arcuri independente Dimensiuni: Lungime cm: 190, 195, 200 | L\u0103\u021bime cm: 80, 85, 90, 120, 140, 160, 165, 170, 180.<\/p>\n","protected":false},"featured_media":4692,"comment_status":"closed","ping_status":"closed","template":"","meta":{"_acf_changed":false},"product_brand":[],"product_cat":[88],"product_tag":[],"class_list":{"0":"post-4690","1":"product","2":"type-product","3":"status-publish","4":"has-post-thumbnail","6":"product_cat-saltele","8":"first","9":"instock","10":"shipping-taxable","11":"product-type-simple"},"acf":[],"_links":{"self":[{"href":"https:\/\/stillferro.com\/ro\/wp-json\/wp\/v2\/product\/4690","targetHints":{"allow":["GET"]}}],"collection":[{"href":"https:\/\/stillferro.com\/ro\/wp-json\/wp\/v2\/product"}],"about":[{"href":"https:\/\/stillferro.com\/ro\/wp-json\/wp\/v2\/types\/product"}],"replies":[{"embeddable":true,"href":"https:\/\/stillferro.com\/ro\/wp-json\/wp\/v2\/comments?post=4690"}],"version-history":[{"count":0,"href":"https:\/\/stillferro.com\/ro\/wp-json\/wp\/v2\/product\/4690\/revisions"}],"wp:featuredmedia":[{"embeddable":true,"href":"https:\/\/stillferro.com\/ro\/wp-json\/wp\/v2\/media\/4692"}],"wp:attachment":[{"href":"https:\/\/stillferro.com\/ro\/wp-json\/wp\/v2\/media?parent=4690"}],"wp:term":[{"taxonomy":"product_brand","embeddable":true,"href":"https:\/\/stillferro.com\/ro\/wp-json\/wp\/v2\/product_brand?post=4690"},{"taxonomy":"product_cat","embeddable":true,"href":"https:\/\/stillferro.com\/ro\/wp-json\/wp\/v2\/product_cat?post=4690"},{"taxonomy":"product_tag","embeddable":true,"href":"https:\/\/stillferro.com\/ro\/wp-json\/wp\/v2\/product_tag?post=4690"}],"curies":[{"name":"wp","href":"https:\/\/api.w.org\/{rel}","templated":true}]}}