{"id":4694,"date":"2025-01-06T13:36:24","date_gmt":"2025-01-06T11:36:24","guid":{"rendered":"https:\/\/stillferro.local\/?post_type=product&#038;p=4694"},"modified":"2025-08-07T13:43:10","modified_gmt":"2025-08-07T10:43:10","slug":"saltea-memory-lux","status":"publish","type":"product","link":"https:\/\/stillferro.com\/ro\/saltele\/saltea-memory-lux\/","title":{"rendered":"Saltea Memory Lux"},"content":{"rendered":"<ul>\n<li>Saltea &#8211; dubla rigiditate &#8211; ortopedic\u0103 \/ergonomica.<\/li>\n<li>\u00cen\u0103l\u021bime 20 cm | Rezisten\u021b\u0103 80-120 kg | Antiacarian\u0103, antibacterian\u0103 | Band\u0103 pentru aerisirea saltelei.<\/li>\n<li>Proiectat\u0103 cu rigiditate dubl\u0103: o parte autoadaptabil\u0103 \u0219i o latur\u0103 anatomic\u0103.<\/li>\n<\/ul>\n<p><strong>Dimensiuni:<\/strong> Lungime cm: <strong>190, 195, 200<\/strong> | L\u0103\u021bime cm: <strong>80, 85, 90, 120, 140, 160, 165, 170, 180.<\/strong><\/p>\n","protected":false},"excerpt":{"rendered":"<p>Saltea &#8211; dubla rigiditate &#8211; ortopedic\u0103 \/ergonomica. \u00cen\u0103l\u021bime 20 cm | Rezisten\u021b\u0103 80-120 kg | Antiacarian\u0103, antibacterian\u0103 | Band\u0103 pentru aerisirea saltelei. Proiectat\u0103 cu rigiditate dubl\u0103: o parte autoadaptabil\u0103 \u0219i o latur\u0103 anatomic\u0103. Dimensiuni: Lungime cm: 190, 195, 200 | L\u0103\u021bime cm: 80, 85, 90, 120, 140, 160, 165, 170, 180.<\/p>\n","protected":false},"featured_media":4695,"comment_status":"closed","ping_status":"closed","template":"","meta":{"_acf_changed":false},"product_brand":[],"product_cat":[88],"product_tag":[],"class_list":{"0":"post-4694","1":"product","2":"type-product","3":"status-publish","4":"has-post-thumbnail","6":"product_cat-saltele","8":"first","9":"instock","10":"shipping-taxable","11":"product-type-simple"},"acf":[],"_links":{"self":[{"href":"https:\/\/stillferro.com\/ro\/wp-json\/wp\/v2\/product\/4694","targetHints":{"allow":["GET"]}}],"collection":[{"href":"https:\/\/stillferro.com\/ro\/wp-json\/wp\/v2\/product"}],"about":[{"href":"https:\/\/stillferro.com\/ro\/wp-json\/wp\/v2\/types\/product"}],"replies":[{"embeddable":true,"href":"https:\/\/stillferro.com\/ro\/wp-json\/wp\/v2\/comments?post=4694"}],"version-history":[{"count":0,"href":"https:\/\/stillferro.com\/ro\/wp-json\/wp\/v2\/product\/4694\/revisions"}],"wp:featuredmedia":[{"embeddable":true,"href":"https:\/\/stillferro.com\/ro\/wp-json\/wp\/v2\/media\/4695"}],"wp:attachment":[{"href":"https:\/\/stillferro.com\/ro\/wp-json\/wp\/v2\/media?parent=4694"}],"wp:term":[{"taxonomy":"product_brand","embeddable":true,"href":"https:\/\/stillferro.com\/ro\/wp-json\/wp\/v2\/product_brand?post=4694"},{"taxonomy":"product_cat","embeddable":true,"href":"https:\/\/stillferro.com\/ro\/wp-json\/wp\/v2\/product_cat?post=4694"},{"taxonomy":"product_tag","embeddable":true,"href":"https:\/\/stillferro.com\/ro\/wp-json\/wp\/v2\/product_tag?post=4694"}],"curies":[{"name":"wp","href":"https:\/\/api.w.org\/{rel}","templated":true}]}}