{"id":4697,"date":"2025-01-06T13:53:57","date_gmt":"2025-01-06T11:53:57","guid":{"rendered":"https:\/\/stillferro.local\/?post_type=product&#038;p=4697"},"modified":"2025-08-07T13:42:15","modified_gmt":"2025-08-07T10:42:15","slug":"saltea-memory-super-confort","status":"publish","type":"product","link":"https:\/\/stillferro.com\/ro\/saltele\/saltea-memory-super-confort\/","title":{"rendered":"Saltea Memory Super Confort"},"content":{"rendered":"<ul>\n<li>Saltea &#8211; dubla rigiditate &#8211; ortopedic\u0103 \/ergonomica.<\/li>\n<li>\u00cen\u0103l\u021bime 24 cm | Rezisten\u021b\u0103 80-120 kg | Anti-acarian\u0103, anti-bacterian\u0103.<\/li>\n<li>Proiectat\u0103 cu rigiditate dubl\u0103: o parte autoadaptabil\u0103 \u0219i o latur\u0103 anatomic\u0103. | Structura sa favorizeaz\u0103 eliminarea umidit\u0103\u021bii.<\/li>\n<\/ul>\n<p><strong>Dimensiuni:<\/strong> Lungime cm: <strong>190, 195, 200<\/strong> | L\u0103\u021bime cm: <strong>80, 85, 90, 120, 140, 160, 165, 170, 180.<\/strong><\/p>\n","protected":false},"excerpt":{"rendered":"<p>Saltea &#8211; dubla rigiditate &#8211; ortopedic\u0103 \/ergonomica. \u00cen\u0103l\u021bime 24 cm | Rezisten\u021b\u0103 80-120 kg | Anti-acarian\u0103, anti-bacterian\u0103. Proiectat\u0103 cu rigiditate dubl\u0103: o parte autoadaptabil\u0103 \u0219i o latur\u0103 anatomic\u0103. | Structura sa favorizeaz\u0103 eliminarea umidit\u0103\u021bii. Dimensiuni: Lungime cm: 190, 195, 200 | L\u0103\u021bime cm: 80, 85, 90, 120, 140, 160, 165, 170, 180.<\/p>\n","protected":false},"featured_media":4701,"comment_status":"closed","ping_status":"closed","template":"","meta":{"_acf_changed":false},"product_brand":[],"product_cat":[88],"product_tag":[],"class_list":{"0":"post-4697","1":"product","2":"type-product","3":"status-publish","4":"has-post-thumbnail","6":"product_cat-saltele","8":"first","9":"instock","10":"shipping-taxable","11":"product-type-simple"},"acf":[],"_links":{"self":[{"href":"https:\/\/stillferro.com\/ro\/wp-json\/wp\/v2\/product\/4697","targetHints":{"allow":["GET"]}}],"collection":[{"href":"https:\/\/stillferro.com\/ro\/wp-json\/wp\/v2\/product"}],"about":[{"href":"https:\/\/stillferro.com\/ro\/wp-json\/wp\/v2\/types\/product"}],"replies":[{"embeddable":true,"href":"https:\/\/stillferro.com\/ro\/wp-json\/wp\/v2\/comments?post=4697"}],"version-history":[{"count":0,"href":"https:\/\/stillferro.com\/ro\/wp-json\/wp\/v2\/product\/4697\/revisions"}],"wp:featuredmedia":[{"embeddable":true,"href":"https:\/\/stillferro.com\/ro\/wp-json\/wp\/v2\/media\/4701"}],"wp:attachment":[{"href":"https:\/\/stillferro.com\/ro\/wp-json\/wp\/v2\/media?parent=4697"}],"wp:term":[{"taxonomy":"product_brand","embeddable":true,"href":"https:\/\/stillferro.com\/ro\/wp-json\/wp\/v2\/product_brand?post=4697"},{"taxonomy":"product_cat","embeddable":true,"href":"https:\/\/stillferro.com\/ro\/wp-json\/wp\/v2\/product_cat?post=4697"},{"taxonomy":"product_tag","embeddable":true,"href":"https:\/\/stillferro.com\/ro\/wp-json\/wp\/v2\/product_tag?post=4697"}],"curies":[{"name":"wp","href":"https:\/\/api.w.org\/{rel}","templated":true}]}}