{"id":4877,"date":"2025-02-24T13:50:37","date_gmt":"2025-02-24T11:50:37","guid":{"rendered":"https:\/\/stillferro.local\/?post_type=product&#038;p=4877"},"modified":"2025-12-29T18:00:59","modified_gmt":"2025-12-29T16:00:59","slug":"scaun-hamilton-bar","status":"publish","type":"product","link":"https:\/\/stillferro.com\/ro\/scaune\/scaun-hamilton-bar\/","title":{"rendered":"Scaun Hamilton Bar"},"content":{"rendered":"<p>Stofa ca nuan\u021b\u0103 si textur\u0103 poate fi aleas\u0103 din 8 categorii de produc\u0103tori diferi\u021bi, peste 35 de cataloage \u0219i mostrare. Deasemenea cadrul metalic a poate fi personalizat \u00een orice nuan\u021b\u0103, astfel \u00eenc\u00e2t s\u0103 se potriveasc\u0103 spa\u021biului t\u0103u. Pozele sunt cu titlu de prezentare.<\/p>\n","protected":false},"excerpt":{"rendered":"<p>Stofa ca nuan\u021b\u0103 si textur\u0103 poate fi aleas\u0103 din 8 categorii de produc\u0103tori diferi\u021bi, peste 35 de cataloage \u0219i mostrare. Deasemenea cadrul metalic a poate fi personalizat \u00een orice nuan\u021b\u0103, astfel \u00eenc\u00e2t s\u0103 se potriveasc\u0103 spa\u021biului t\u0103u. Pozele sunt cu titlu de prezentare.<\/p>\n","protected":false},"featured_media":4879,"comment_status":"closed","ping_status":"closed","template":"","meta":{"_acf_changed":false},"product_brand":[],"product_cat":[16],"product_tag":[],"class_list":{"0":"post-4877","1":"product","2":"type-product","3":"status-publish","4":"has-post-thumbnail","6":"product_cat-scaune","8":"first","9":"instock","10":"shipping-taxable","11":"purchasable","12":"product-type-simple"},"acf":[],"_links":{"self":[{"href":"https:\/\/stillferro.com\/ro\/wp-json\/wp\/v2\/product\/4877","targetHints":{"allow":["GET"]}}],"collection":[{"href":"https:\/\/stillferro.com\/ro\/wp-json\/wp\/v2\/product"}],"about":[{"href":"https:\/\/stillferro.com\/ro\/wp-json\/wp\/v2\/types\/product"}],"replies":[{"embeddable":true,"href":"https:\/\/stillferro.com\/ro\/wp-json\/wp\/v2\/comments?post=4877"}],"version-history":[{"count":0,"href":"https:\/\/stillferro.com\/ro\/wp-json\/wp\/v2\/product\/4877\/revisions"}],"wp:featuredmedia":[{"embeddable":true,"href":"https:\/\/stillferro.com\/ro\/wp-json\/wp\/v2\/media\/4879"}],"wp:attachment":[{"href":"https:\/\/stillferro.com\/ro\/wp-json\/wp\/v2\/media?parent=4877"}],"wp:term":[{"taxonomy":"product_brand","embeddable":true,"href":"https:\/\/stillferro.com\/ro\/wp-json\/wp\/v2\/product_brand?post=4877"},{"taxonomy":"product_cat","embeddable":true,"href":"https:\/\/stillferro.com\/ro\/wp-json\/wp\/v2\/product_cat?post=4877"},{"taxonomy":"product_tag","embeddable":true,"href":"https:\/\/stillferro.com\/ro\/wp-json\/wp\/v2\/product_tag?post=4877"}],"curies":[{"name":"wp","href":"https:\/\/api.w.org\/{rel}","templated":true}]}}