{"id":5497,"date":"2025-10-09T23:38:54","date_gmt":"2025-10-09T20:38:54","guid":{"rendered":"https:\/\/stillferro.local\/?post_type=product&#038;p=5497"},"modified":"2026-03-10T16:31:00","modified_gmt":"2026-03-10T14:31:00","slug":"masa-de-cafea-lisa","status":"publish","type":"product","link":"https:\/\/stillferro.com\/ro\/outlet-cat\/masa-de-cafea-lisa\/","title":{"rendered":"Mas\u0103 de cafea Lisa"},"content":{"rendered":"<p>Masa cafea este disponibil\u0103 \u00eentr-o varietate de culori si blaturi din sticl\u0103 (D.600)<\/p>\n","protected":false},"excerpt":{"rendered":"<p>Masa cafea este disponibil\u0103 \u00eentr-o varietate de culori si blaturi din sticl\u0103 (D.600)<\/p>\n","protected":false},"featured_media":5498,"comment_status":"closed","ping_status":"closed","template":"","meta":{"_acf_changed":false},"product_brand":[],"product_cat":[92],"product_tag":[],"class_list":{"0":"post-5497","1":"product","2":"type-product","3":"status-publish","4":"has-post-thumbnail","6":"product_cat-outlet-cat","8":"first","9":"instock","10":"sale","11":"shipping-taxable","12":"purchasable","13":"product-type-simple"},"acf":[],"_links":{"self":[{"href":"https:\/\/stillferro.com\/ro\/wp-json\/wp\/v2\/product\/5497","targetHints":{"allow":["GET"]}}],"collection":[{"href":"https:\/\/stillferro.com\/ro\/wp-json\/wp\/v2\/product"}],"about":[{"href":"https:\/\/stillferro.com\/ro\/wp-json\/wp\/v2\/types\/product"}],"replies":[{"embeddable":true,"href":"https:\/\/stillferro.com\/ro\/wp-json\/wp\/v2\/comments?post=5497"}],"version-history":[{"count":0,"href":"https:\/\/stillferro.com\/ro\/wp-json\/wp\/v2\/product\/5497\/revisions"}],"wp:featuredmedia":[{"embeddable":true,"href":"https:\/\/stillferro.com\/ro\/wp-json\/wp\/v2\/media\/5498"}],"wp:attachment":[{"href":"https:\/\/stillferro.com\/ro\/wp-json\/wp\/v2\/media?parent=5497"}],"wp:term":[{"taxonomy":"product_brand","embeddable":true,"href":"https:\/\/stillferro.com\/ro\/wp-json\/wp\/v2\/product_brand?post=5497"},{"taxonomy":"product_cat","embeddable":true,"href":"https:\/\/stillferro.com\/ro\/wp-json\/wp\/v2\/product_cat?post=5497"},{"taxonomy":"product_tag","embeddable":true,"href":"https:\/\/stillferro.com\/ro\/wp-json\/wp\/v2\/product_tag?post=5497"}],"curies":[{"name":"wp","href":"https:\/\/api.w.org\/{rel}","templated":true}]}}