{"id":5704,"date":"2025-11-27T17:25:28","date_gmt":"2025-11-27T15:25:28","guid":{"rendered":"https:\/\/stillferro.local\/?post_type=product&#038;p=5704"},"modified":"2026-03-10T15:13:05","modified_gmt":"2026-03-10T13:13:05","slug":"masa-cafea-lisa-2","status":"publish","type":"product","link":"https:\/\/stillferro.com\/ro\/oferte\/masa-cafea-lisa-2\/","title":{"rendered":"Mas\u0103 cafea Lisa"},"content":{"rendered":"<p class=\"p1\"><span class=\"s1\">Modelul Lisa este disponibil \u00een diametrele \u00d840, \u00d860 \u0219i \u00d880. <\/span><span class=\"s1\">Finisajele pentru blat \u2014 tonat, tonat cu sablare, extra clear sau extra clear cu sablare \u2014 pot varia \u00een func\u021bie de selec\u021bia disponibil\u0103 \u00een showroom. <\/span><span class=\"s1\">Cadrul metalic poate varia, de asemenea, \u00een func\u021bie de stoc, fiind disponibil \u00een nuan\u021be precum auriu, argintiu sau negru. <\/span><span class=\"s1\">M\u0103su\u021bele pot fi procurate \u0219i separat.<\/span><\/p>\n","protected":false},"excerpt":{"rendered":"<p>Modelul Lisa este disponibil \u00een diametrele \u00d840, \u00d860 \u0219i \u00d880. Finisajele pentru blat \u2014 tonat, tonat cu sablare, extra clear sau extra clear cu sablare \u2014 pot varia \u00een func\u021bie de selec\u021bia disponibil\u0103 \u00een showroom. Cadrul metalic poate varia, de asemenea, \u00een func\u021bie de stoc, fiind disponibil \u00een nuan\u021be precum auriu, argintiu sau negru. M\u0103su\u021bele [&hellip;]<\/p>\n","protected":false},"featured_media":5706,"comment_status":"closed","ping_status":"closed","template":"","meta":{"_acf_changed":false},"product_brand":[],"product_cat":[93],"product_tag":[],"class_list":{"0":"post-5704","1":"product","2":"type-product","3":"status-publish","4":"has-post-thumbnail","6":"product_cat-oferte","8":"first","9":"outofstock","10":"shipping-taxable","11":"product-type-simple"},"acf":[],"_links":{"self":[{"href":"https:\/\/stillferro.com\/ro\/wp-json\/wp\/v2\/product\/5704","targetHints":{"allow":["GET"]}}],"collection":[{"href":"https:\/\/stillferro.com\/ro\/wp-json\/wp\/v2\/product"}],"about":[{"href":"https:\/\/stillferro.com\/ro\/wp-json\/wp\/v2\/types\/product"}],"replies":[{"embeddable":true,"href":"https:\/\/stillferro.com\/ro\/wp-json\/wp\/v2\/comments?post=5704"}],"version-history":[{"count":0,"href":"https:\/\/stillferro.com\/ro\/wp-json\/wp\/v2\/product\/5704\/revisions"}],"wp:featuredmedia":[{"embeddable":true,"href":"https:\/\/stillferro.com\/ro\/wp-json\/wp\/v2\/media\/5706"}],"wp:attachment":[{"href":"https:\/\/stillferro.com\/ro\/wp-json\/wp\/v2\/media?parent=5704"}],"wp:term":[{"taxonomy":"product_brand","embeddable":true,"href":"https:\/\/stillferro.com\/ro\/wp-json\/wp\/v2\/product_brand?post=5704"},{"taxonomy":"product_cat","embeddable":true,"href":"https:\/\/stillferro.com\/ro\/wp-json\/wp\/v2\/product_cat?post=5704"},{"taxonomy":"product_tag","embeddable":true,"href":"https:\/\/stillferro.com\/ro\/wp-json\/wp\/v2\/product_tag?post=5704"}],"curies":[{"name":"wp","href":"https:\/\/api.w.org\/{rel}","templated":true}]}}