{"id":5716,"date":"2025-12-04T13:57:34","date_gmt":"2025-12-04T11:57:34","guid":{"rendered":"https:\/\/stillferro.com\/?post_type=product&#038;p=5716"},"modified":"2026-03-20T11:54:28","modified_gmt":"2026-03-20T09:54:28","slug":"pat-four-2","status":"publish","type":"product","link":"https:\/\/stillferro.com\/ro\/outlet-cat\/pat-four-2\/","title":{"rendered":"Pat Four"},"content":{"rendered":"<p>pat cu lad\u0103 de depozitare, mecansim de ridicare, saltea inclus\u0103 \u00een pret 160*190 (spa\u021biul de dormit)<\/p>\n","protected":false},"excerpt":{"rendered":"<p>pat cu lad\u0103 de depozitare, mecansim de ridicare, saltea inclus\u0103 \u00een pret 160*190 (spa\u021biul de dormit)<\/p>\n","protected":false},"featured_media":5717,"comment_status":"closed","ping_status":"closed","template":"","meta":{"_acf_changed":false},"product_brand":[],"product_cat":[92],"product_tag":[],"class_list":{"0":"post-5716","1":"product","2":"type-product","3":"status-publish","4":"has-post-thumbnail","6":"product_cat-outlet-cat","8":"first","9":"outofstock","10":"shipping-taxable","11":"product-type-simple"},"acf":[],"_links":{"self":[{"href":"https:\/\/stillferro.com\/ro\/wp-json\/wp\/v2\/product\/5716","targetHints":{"allow":["GET"]}}],"collection":[{"href":"https:\/\/stillferro.com\/ro\/wp-json\/wp\/v2\/product"}],"about":[{"href":"https:\/\/stillferro.com\/ro\/wp-json\/wp\/v2\/types\/product"}],"replies":[{"embeddable":true,"href":"https:\/\/stillferro.com\/ro\/wp-json\/wp\/v2\/comments?post=5716"}],"version-history":[{"count":0,"href":"https:\/\/stillferro.com\/ro\/wp-json\/wp\/v2\/product\/5716\/revisions"}],"wp:featuredmedia":[{"embeddable":true,"href":"https:\/\/stillferro.com\/ro\/wp-json\/wp\/v2\/media\/5717"}],"wp:attachment":[{"href":"https:\/\/stillferro.com\/ro\/wp-json\/wp\/v2\/media?parent=5716"}],"wp:term":[{"taxonomy":"product_brand","embeddable":true,"href":"https:\/\/stillferro.com\/ro\/wp-json\/wp\/v2\/product_brand?post=5716"},{"taxonomy":"product_cat","embeddable":true,"href":"https:\/\/stillferro.com\/ro\/wp-json\/wp\/v2\/product_cat?post=5716"},{"taxonomy":"product_tag","embeddable":true,"href":"https:\/\/stillferro.com\/ro\/wp-json\/wp\/v2\/product_tag?post=5716"}],"curies":[{"name":"wp","href":"https:\/\/api.w.org\/{rel}","templated":true}]}}