{"id":6191,"date":"2026-03-12T16:54:11","date_gmt":"2026-03-12T14:54:11","guid":{"rendered":"https:\/\/stillferro.local\/?post_type=product&#038;p=6191"},"modified":"2026-04-06T15:13:54","modified_gmt":"2026-04-06T12:13:54","slug":"consola-ana-2","status":"publish","type":"product","link":"https:\/\/stillferro.com\/ro\/outlet-cat\/consola-ana-2\/","title":{"rendered":"Consol\u0103 ANA"},"content":{"rendered":"<p>Consol\u0103 Ana 1200*400, blat de marmur\u0103 Arabescato Orobico<\/p>\n","protected":false},"excerpt":{"rendered":"<p>Consol\u0103 Ana 1200*400, blat de marmur\u0103 Arabescato Orobico<\/p>\n","protected":false},"featured_media":6192,"comment_status":"closed","ping_status":"closed","template":"","meta":{"_acf_changed":false},"product_brand":[],"product_cat":[92],"product_tag":[],"class_list":{"0":"post-6191","1":"product","2":"type-product","3":"status-publish","4":"has-post-thumbnail","6":"product_cat-outlet-cat","8":"first","9":"outofstock","10":"shipping-taxable","11":"product-type-simple"},"acf":[],"_links":{"self":[{"href":"https:\/\/stillferro.com\/ro\/wp-json\/wp\/v2\/product\/6191","targetHints":{"allow":["GET"]}}],"collection":[{"href":"https:\/\/stillferro.com\/ro\/wp-json\/wp\/v2\/product"}],"about":[{"href":"https:\/\/stillferro.com\/ro\/wp-json\/wp\/v2\/types\/product"}],"replies":[{"embeddable":true,"href":"https:\/\/stillferro.com\/ro\/wp-json\/wp\/v2\/comments?post=6191"}],"version-history":[{"count":1,"href":"https:\/\/stillferro.com\/ro\/wp-json\/wp\/v2\/product\/6191\/revisions"}],"predecessor-version":[{"id":6234,"href":"https:\/\/stillferro.com\/ro\/wp-json\/wp\/v2\/product\/6191\/revisions\/6234"}],"wp:featuredmedia":[{"embeddable":true,"href":"https:\/\/stillferro.com\/ro\/wp-json\/wp\/v2\/media\/6192"}],"wp:attachment":[{"href":"https:\/\/stillferro.com\/ro\/wp-json\/wp\/v2\/media?parent=6191"}],"wp:term":[{"taxonomy":"product_brand","embeddable":true,"href":"https:\/\/stillferro.com\/ro\/wp-json\/wp\/v2\/product_brand?post=6191"},{"taxonomy":"product_cat","embeddable":true,"href":"https:\/\/stillferro.com\/ro\/wp-json\/wp\/v2\/product_cat?post=6191"},{"taxonomy":"product_tag","embeddable":true,"href":"https:\/\/stillferro.com\/ro\/wp-json\/wp\/v2\/product_tag?post=6191"}],"curies":[{"name":"wp","href":"https:\/\/api.w.org\/{rel}","templated":true}]}}