{"id":6273,"date":"2026-05-04T10:17:33","date_gmt":"2026-05-04T07:17:33","guid":{"rendered":"https:\/\/stillferro.com\/?post_type=product&#038;p=6273"},"modified":"2026-05-04T10:17:33","modified_gmt":"2026-05-04T07:17:33","slug":"scaun-melbourne","status":"publish","type":"product","link":"https:\/\/stillferro.com\/ro\/scaune\/scaun-melbourne\/","title":{"rendered":"Scaun Melbourne"},"content":{"rendered":"<p>Scaunul Melbourne datorit\u0103 formei sale atemporale, poate fi combinat cu mese de diferite forme \u0219i stiluri. Disponibil \u00een dou\u0103 versiuni, cu sau f\u0103r\u0103 cotiere, are o structur\u0103 solid\u0103 din frasin vopsit \u00een nuan\u021be diferite.<\/p>\n<p>&nbsp;<\/p>\n","protected":false},"excerpt":{"rendered":"<p>Scaunul Melbourne datorit\u0103 formei sale atemporale, poate fi combinat cu mese de diferite forme \u0219i stiluri. Disponibil \u00een dou\u0103 versiuni, cu sau f\u0103r\u0103 cotiere, are o structur\u0103 solid\u0103 din frasin vopsit \u00een nuan\u021be diferite. &nbsp;<\/p>\n","protected":false},"featured_media":6274,"comment_status":"closed","ping_status":"closed","template":"","meta":{"_acf_changed":false},"product_brand":[],"product_cat":[16],"product_tag":[],"class_list":{"0":"post-6273","1":"product","2":"type-product","3":"status-publish","4":"has-post-thumbnail","6":"product_cat-scaune","8":"first","9":"instock","10":"sale","11":"shipping-taxable","12":"purchasable","13":"product-type-simple"},"acf":[],"_links":{"self":[{"href":"https:\/\/stillferro.com\/ro\/wp-json\/wp\/v2\/product\/6273","targetHints":{"allow":["GET"]}}],"collection":[{"href":"https:\/\/stillferro.com\/ro\/wp-json\/wp\/v2\/product"}],"about":[{"href":"https:\/\/stillferro.com\/ro\/wp-json\/wp\/v2\/types\/product"}],"replies":[{"embeddable":true,"href":"https:\/\/stillferro.com\/ro\/wp-json\/wp\/v2\/comments?post=6273"}],"version-history":[{"count":1,"href":"https:\/\/stillferro.com\/ro\/wp-json\/wp\/v2\/product\/6273\/revisions"}],"predecessor-version":[{"id":6278,"href":"https:\/\/stillferro.com\/ro\/wp-json\/wp\/v2\/product\/6273\/revisions\/6278"}],"wp:featuredmedia":[{"embeddable":true,"href":"https:\/\/stillferro.com\/ro\/wp-json\/wp\/v2\/media\/6274"}],"wp:attachment":[{"href":"https:\/\/stillferro.com\/ro\/wp-json\/wp\/v2\/media?parent=6273"}],"wp:term":[{"taxonomy":"product_brand","embeddable":true,"href":"https:\/\/stillferro.com\/ro\/wp-json\/wp\/v2\/product_brand?post=6273"},{"taxonomy":"product_cat","embeddable":true,"href":"https:\/\/stillferro.com\/ro\/wp-json\/wp\/v2\/product_cat?post=6273"},{"taxonomy":"product_tag","embeddable":true,"href":"https:\/\/stillferro.com\/ro\/wp-json\/wp\/v2\/product_tag?post=6273"}],"curies":[{"name":"wp","href":"https:\/\/api.w.org\/{rel}","templated":true}]}}