{"id":17,"date":"2022-11-26T02:32:46","date_gmt":"2022-11-26T00:32:46","guid":{"rendered":"https:\/\/stillferro.local\/?page_id=17"},"modified":"2023-02-27T17:22:50","modified_gmt":"2023-02-27T15:22:50","slug":"arhitecti-si-designeri","status":"publish","type":"page","link":"https:\/\/stillferro.com\/ru\/arkhitektor-i-dizayner\/","title":{"rendered":"\u0410\u0440\u0445\u0438\u0442\u0435\u043a\u0442\u043e\u0440\u044b \u0438 \u0434\u0438\u0437\u0430\u0439\u043d\u0435\u0440\u044b"},"content":{"rendered":"<p>\u041c\u044b \u043e\u0447\u0435\u043d\u044c \u0446\u0435\u043d\u0438\u043c \u0442\u0432\u043e\u0440\u0447\u0435\u0441\u043a\u0438\u0445 \u043b\u044e\u0434\u0435\u0439 \u0438 \u0432\u0441\u0435\u0433\u0434\u0430 \u043e\u0442\u043a\u0440\u044b\u0442\u044b \u0434\u043b\u044f \u0441\u043e\u0442\u0440\u0443\u0434\u043d\u0438\u0447\u0435\u0441\u0442\u0432\u0430 \u0441 \u0434\u0438\u0437\u0430\u0439\u043d\u0435\u0440\u0430\u043c\u0438 \u0438 \u0430\u0440\u0445\u0438\u0442\u0435\u043a\u0442\u043e\u0440\u0430\u043c\u0438... \u042d\u0442\u043e \u043f\u0440\u0435\u0438\u043c\u0443\u0449\u0435\u0441\u0442\u0432\u043e \u043f\u043e\u0437\u0432\u043e\u043b\u044f\u0435\u0442 \u043d\u0430\u043c \u043f\u0440\u0438\u043c\u0435\u043d\u044f\u0442\u044c \u0438\u043d\u0434\u0438\u0432\u0438\u0434\u0443\u0430\u043b\u044c\u043d\u044b\u0439 \u043f\u043e\u0434\u0445\u043e\u0434 \u043a \u043a\u0430\u0436\u0434\u043e\u043c\u0443 \u043a\u043b\u0438\u0435\u043d\u0442\u0443, \u0433\u0430\u0440\u0430\u043d\u0442\u0438\u0440\u0443\u044f \u0441\u043e\u0437\u0434\u0430\u043d\u0438\u0435 \u043b\u0443\u0447\u0448\u0438\u0445 \u043f\u0440\u043e\u0435\u043a\u0442\u043e\u0432 \u0432 \u043e\u0442\u0440\u0430\u0441\u043b\u0438! \u0421\u043e\u0442\u0440\u0443\u0434\u043d\u0438\u0447\u0435\u0441\u0442\u0432\u043e \u0441 \u0430\u0440\u0445\u0438\u0442\u0435\u043a\u0442\u043e\u0440\u0430\u043c\u0438 \u0438 \u0434\u0438\u0437\u0430\u0439\u043d\u0435\u0440\u0430\u043c\u0438 \u044f\u0432\u043b\u044f\u0435\u0442\u0441\u044f \u043f\u0440\u0438\u043e\u0440\u0438\u0442\u0435\u0442\u043e\u043c \u0434\u043b\u044f \u0431\u0440\u0435\u043d\u0434\u0430 Still Ferro \u0438 \u043f\u0440\u0438\u043d\u043e\u0441\u0438\u0442 \u0431\u043e\u043b\u044c\u0448\u043e\u0435 \u0443\u0434\u043e\u0432\u043b\u0435\u0442\u0432\u043e\u0440\u0435\u043d\u0438\u0435, \u043f\u043e\u0442\u043e\u043c\u0443 \u0447\u0442\u043e \u043f\u0440\u0438\u044f\u0442\u043d\u043e \u0441\u043e\u0442\u0440\u0443\u0434\u043d\u0438\u0447\u0430\u0442\u044c \u0441 \u043f\u0440\u043e\u0444\u0435\u0441\u0441\u0438\u043e\u043d\u0430\u043b\u0430\u043c\u0438, \u0443 \u043a\u043e\u0442\u043e\u0440\u044b\u0445 \u0435\u0441\u0442\u044c \u0442\u043e\u0447\u043d\u044b\u0435 \u043e\u0436\u0438\u0434\u0430\u043d\u0438\u044f \u0438 \u0442\u0440\u0435\u0431\u043e\u0432\u0430\u043d\u0438\u044f.<\/p>","protected":false},"excerpt":{"rendered":"<p>Apreciem cu adev\u0103rat oamenii creativi \u0219i suntem \u00eentotdeauna deschi\u0219i colabor\u0103rilor cu designeri \u0219i arhitec\u021bi.. Acest fapt este un avantaj care ne permite s\u0103 avem o abordare individual\u0103 a fiec\u0103rui client, asigur\u00e2nd posibilitatea de a crea cele mai bune proiecte din industrie! Colaborarea cu arhitec\u021bii \u0219i designerii este o prioritate pentru brandul Still Ferro \u0219i o [&hellip;]<\/p>\n","protected":false},"author":6,"featured_media":0,"parent":0,"menu_order":0,"comment_status":"closed","ping_status":"closed","template":"","meta":{"_acf_changed":false,"footnotes":""},"class_list":["post-17","page","type-page","status-publish","hentry"],"acf":[],"_links":{"self":[{"href":"https:\/\/stillferro.com\/ru\/wp-json\/wp\/v2\/pages\/17","targetHints":{"allow":["GET"]}}],"collection":[{"href":"https:\/\/stillferro.com\/ru\/wp-json\/wp\/v2\/pages"}],"about":[{"href":"https:\/\/stillferro.com\/ru\/wp-json\/wp\/v2\/types\/page"}],"author":[{"embeddable":true,"href":"https:\/\/stillferro.com\/ru\/wp-json\/wp\/v2\/users\/6"}],"replies":[{"embeddable":true,"href":"https:\/\/stillferro.com\/ru\/wp-json\/wp\/v2\/comments?post=17"}],"version-history":[{"count":0,"href":"https:\/\/stillferro.com\/ru\/wp-json\/wp\/v2\/pages\/17\/revisions"}],"wp:attachment":[{"href":"https:\/\/stillferro.com\/ru\/wp-json\/wp\/v2\/media?parent=17"}],"curies":[{"name":"wp","href":"https:\/\/api.w.org\/{rel}","templated":true}]}}