{"id":3,"date":"2022-11-25T19:21:07","date_gmt":"2022-11-25T17:21:07","guid":{"rendered":"https:\/\/stillferro.local\/?page_id=3"},"modified":"2023-02-27T17:20:35","modified_gmt":"2023-02-27T15:20:35","slug":"politica-de-confidentialitate","status":"publish","type":"page","link":"https:\/\/stillferro.com\/ru\/politika-konfidentsialnosti\/","title":{"rendered":"\u041f\u043e\u043b\u0438\u0442\u0438\u043a\u0430 \u043a\u043e\u043d\u0444\u0438\u0434\u0435\u043d\u0446\u0438\u0430\u043b\u044c\u043d\u043e\u0441\u0442\u0438"},"content":{"rendered":"<p><strong>\u0420\u0415\u0413\u0423\u041b\u0418\u0420\u041e\u0412\u0410\u041d\u0418\u0415 \u0417\u0410\u0429\u0418\u0422\u042b \u041f\u0415\u0420\u0421\u041e\u041d\u0410\u041b\u042c\u041d\u042b\u0425 \u0414\u0410\u041d\u041d\u042b\u0425<\/strong><\/p>\n\n\n\n<p>Stillferro \u0434\u043e\u043f\u043e\u043b\u043d\u0438\u0442\u0435\u043b\u044c\u043d\u043e \u0437\u0430\u043f\u0440\u0430\u0448\u0438\u0432\u0430\u0435\u0442 \u0441\u043b\u0435\u0434\u0443\u044e\u0449\u0443\u044e \u0438\u043d\u0444\u043e\u0440\u043c\u0430\u0446\u0438\u044e : \u0418\u043c\u044f \u0438 \u0444\u0430\u043c\u0438\u043b\u0438\u044f, \u0430\u0434\u0440\u0435\u0441 \u044d\u043b\u0435\u043a\u0442\u0440\u043e\u043d\u043d\u043e\u0439 \u043f\u043e\u0447\u0442\u044b, \u043d\u043e\u043c\u0435\u0440 \u0442\u0435\u043b\u0435\u0444\u043e\u043d\u0430.<br>\u041b\u0438\u0447\u043d\u044b\u0435 \u0434\u0430\u043d\u043d\u044b\u0435 \u0437\u0430\u043f\u0440\u0430\u0448\u0438\u0432\u0430\u044e\u0442\u0441\u044f, \u043a\u043e\u0433\u0434\u0430 \u043a\u043b\u0438\u0435\u043d\u0442\u0443 \u0442\u0440\u0435\u0431\u0443\u0435\u0442\u0441\u044f \u0434\u043e\u043f\u043e\u043b\u043d\u0438\u0442\u0435\u043b\u044c\u043d\u0430\u044f \u0438\u043d\u0444\u043e\u0440\u043c\u0430\u0446\u0438\u044f.<\/p>\n\n\n\n<p>\u0421\u043e\u0431\u0440\u0430\u043d\u043d\u044b\u0435 \u0434\u0430\u043d\u043d\u044b\u0435 \u0445\u0440\u0430\u043d\u044f\u0442\u0441\u044f \u043d\u0430 \u0441\u0435\u0440\u0432\u0435\u0440\u0435 \u044d\u043b\u0435\u043a\u0442\u0440\u043e\u043d\u043d\u043e\u0439 \u043f\u043e\u0447\u0442\u044b \u0438 \u0441\u043e\u0431\u0438\u0440\u0430\u044e\u0442\u0441\u044f \u0441 \u0446\u0435\u043b\u044c\u044e \u043f\u043e\u0434\u0434\u0435\u0440\u0436\u0430\u043d\u0438\u044f \u044d\u0444\u0444\u0435\u043a\u0442\u0438\u0432\u043d\u043e\u0439 \u0441\u0432\u044f\u0437\u0438 \u043c\u0435\u0436\u0434\u0443 \u043a\u043e\u043c\u043f\u0430\u043d\u0438\u0435\u0439 \u0438 \u043f\u043e\u0442\u0435\u043d\u0446\u0438\u0430\u043b\u044c\u043d\u044b\u043c \u043a\u043b\u0438\u0435\u043d\u0442\u043e\u043c. \u0421\u043e\u0431\u0440\u0430\u043d\u043d\u044b\u0435 \u0434\u0430\u043d\u043d\u044b\u0435 \u043f\u0435\u0440\u0438\u043e\u0434\u0438\u0447\u0435\u0441\u043a\u0438 \u043f\u043e\u0434\u043b\u0435\u0436\u0430\u0442 \u0443\u0434\u0430\u043b\u0435\u043d\u0438\u044e.<\/p>","protected":false},"excerpt":{"rendered":"<p>REGULAMENT DE PROTEC\u021aIE A DATELOR PERSONALE Stillferro solicit\u0103 op\u021bional urm\u0103toarele informa\u021bii : Nume \u0219i prenume, Adresa de e-mail, Num\u0103r de telefon.Datele personale sunt solicitate atunci c\u00e2nd clientul are nevoie de mai mult\u0103 informa\u021bie. Datele colectate sunt stocate pe serverul de e-mail \u0219i sunt colectate cu scopul de men\u021bine o comunicare eficient\u0103 \u00eentre companie \u0219i poten\u021bialul [&hellip;]<\/p>\n","protected":false},"author":6,"featured_media":0,"parent":0,"menu_order":0,"comment_status":"closed","ping_status":"closed","template":"","meta":{"_acf_changed":false,"footnotes":""},"class_list":["post-3","page","type-page","status-publish","hentry"],"acf":[],"_links":{"self":[{"href":"https:\/\/stillferro.com\/ru\/wp-json\/wp\/v2\/pages\/3","targetHints":{"allow":["GET"]}}],"collection":[{"href":"https:\/\/stillferro.com\/ru\/wp-json\/wp\/v2\/pages"}],"about":[{"href":"https:\/\/stillferro.com\/ru\/wp-json\/wp\/v2\/types\/page"}],"author":[{"embeddable":true,"href":"https:\/\/stillferro.com\/ru\/wp-json\/wp\/v2\/users\/6"}],"replies":[{"embeddable":true,"href":"https:\/\/stillferro.com\/ru\/wp-json\/wp\/v2\/comments?post=3"}],"version-history":[{"count":0,"href":"https:\/\/stillferro.com\/ru\/wp-json\/wp\/v2\/pages\/3\/revisions"}],"wp:attachment":[{"href":"https:\/\/stillferro.com\/ru\/wp-json\/wp\/v2\/media?parent=3"}],"curies":[{"name":"wp","href":"https:\/\/api.w.org\/{rel}","templated":true}]}}