{"id":633,"date":"2022-11-30T21:47:47","date_gmt":"2022-11-30T19:47:47","guid":{"rendered":"https:\/\/stillferro.local\/?page_id=633"},"modified":"2023-02-27T17:19:34","modified_gmt":"2023-02-27T15:19:34","slug":"termenii-si-conditiile","status":"publish","type":"page","link":"https:\/\/stillferro.com\/ru\/usloviya-i-kriterii\/","title":{"rendered":"\u041f\u043e\u043b\u043e\u0436\u0435\u043d\u0438\u044f \u0438 \u0443\u0441\u043b\u043e\u0432\u0438\u044f"},"content":{"rendered":"<p>\u041f\u0440\u0438 \u0440\u0435\u0433\u0438\u0441\u0442\u0440\u0430\u0446\u0438\u0438 \u0437\u0430\u043a\u0430\u0437\u0430 \u043e\u0431\u0441\u0443\u0434\u0438\u0442\u0435 \u0443\u0441\u043b\u043e\u0432\u0438\u044f \u0437\u0430\u043a\u0430\u0437\u0430 \u0441 \u043a\u043e\u043d\u0441\u0443\u043b\u044c\u0442\u0430\u043d\u0442\u043e\u043c. \u041a\u043e\u043c\u0430\u043d\u0434\u0430 Still Ferro \u0441\u043e\u0431\u043b\u044e\u0434\u0430\u0435\u0442 \u0443\u0441\u043b\u043e\u0432\u0438\u044f, \u043f\u0435\u0440\u0432\u043e\u043d\u0430\u0447\u0430\u043b\u044c\u043d\u043e \u043e\u0431\u0441\u0443\u0436\u0434\u0435\u043d\u043d\u044b\u0435 \u0441 \u043a\u043b\u0438\u0435\u043d\u0442\u043e\u043c. \u0421\u0440\u043e\u043a\u0438 \u043c\u043e\u0433\u0443\u0442 \u0432\u0430\u0440\u044c\u0438\u0440\u043e\u0432\u0430\u0442\u044c\u0441\u044f \u0432 \u0437\u0430\u0432\u0438\u0441\u0438\u043c\u043e\u0441\u0442\u0438 \u043e\u0442 \u0441\u043b\u043e\u0436\u043d\u043e\u0441\u0442\u0438 \u0437\u0430\u0440\u0435\u0433\u0438\u0441\u0442\u0440\u0438\u0440\u043e\u0432\u0430\u043d\u043d\u043e\u0433\u043e \u0437\u0430\u043a\u0430\u0437\u0430. \u0421\u0442\u0430\u043d\u0434\u0430\u0440\u0442\u043d\u043e \u0441\u043e\u0433\u043b\u0430\u0441\u043e\u0432\u0430\u043d\u043d\u044b\u0435 \u0441\u0440\u043e\u043a\u0438 \u0441\u043e\u0441\u0442\u0430\u0432\u043b\u044f\u044e\u0442: 2-3 \u043d\u0435\u0434\u0435\u043b\u0438. \u0412 \u0441\u043b\u0443\u0447\u0430\u0435 \u0432\u043e\u0437\u043d\u0438\u043a\u043d\u043e\u0432\u0435\u043d\u0438\u044f \u043d\u0435\u043f\u0440\u0435\u0434\u0432\u0438\u0434\u0435\u043d\u043d\u044b\u0445 \u0441\u0438\u0442\u0443\u0430\u0446\u0438\u0439, \u0441\u043e\u043e\u0431\u0449\u0438\u0442\u0435 \u043d\u0430\u043c, \u043c\u044b \u043e\u0442\u0437\u044b\u0432\u0447\u0438\u0432\u044b \u0438 \u043f\u043e\u0441\u0442\u0430\u0440\u0430\u0435\u043c\u0441\u044f \u0432\u0430\u043c \u043f\u043e\u043c\u043e\u0447\u044c. \u041f\u0440\u0438 \u0440\u0435\u0433\u0438\u0441\u0442\u0440\u0430\u0446\u0438\u0438 \u0437\u0430\u043a\u0430\u0437\u0430 \u043d\u0435\u043e\u0431\u0445\u043e\u0434\u0438\u043c\u043e \u043e\u043f\u043b\u0430\u0442\u0438\u0442\u044c \u043f\u043e\u043b\u043d\u0443\u044e \u0441\u0443\u043c\u043c\u0443, \u043b\u0438\u0431\u043e \u0432\u043d\u0435\u0441\u0442\u0438 \u0437\u0430\u043b\u043e\u0433 \u043d\u0435 \u043c\u0435\u043d\u0435\u0435 30%.<\/p>","protected":false},"excerpt":{"rendered":"<p>La \u00eenregistrarea comenzii discuta\u021bi cu consultantul despre termenii \u00een care urmeaz\u0103 s\u0103 fie realizat\u0103 comanda. Echipa Still Ferro respect\u0103 termenii discuta\u021bi ini\u021bial cu clientul. Termenii pot varia \u00een func\u021bie de complexitatea comenzii \u00eenregistrate. \u00cen mod standard termenii stabili\u021bi reprezint\u0103: 2-3 s\u0103pt\u0103m\u00e2ni. \u00cen caz de urgen\u021b\u0103, anun\u021ba\u021bi-ne, suntem receptivi, o s\u0103 \u00eencerc\u0103m s\u0103 v\u0103 ajut\u0103m. La [&hellip;]<\/p>\n","protected":false},"author":6,"featured_media":0,"parent":0,"menu_order":0,"comment_status":"closed","ping_status":"closed","template":"","meta":{"_acf_changed":false,"footnotes":""},"class_list":["post-633","page","type-page","status-publish","hentry"],"acf":[],"_links":{"self":[{"href":"https:\/\/stillferro.com\/ru\/wp-json\/wp\/v2\/pages\/633","targetHints":{"allow":["GET"]}}],"collection":[{"href":"https:\/\/stillferro.com\/ru\/wp-json\/wp\/v2\/pages"}],"about":[{"href":"https:\/\/stillferro.com\/ru\/wp-json\/wp\/v2\/types\/page"}],"author":[{"embeddable":true,"href":"https:\/\/stillferro.com\/ru\/wp-json\/wp\/v2\/users\/6"}],"replies":[{"embeddable":true,"href":"https:\/\/stillferro.com\/ru\/wp-json\/wp\/v2\/comments?post=633"}],"version-history":[{"count":0,"href":"https:\/\/stillferro.com\/ru\/wp-json\/wp\/v2\/pages\/633\/revisions"}],"wp:attachment":[{"href":"https:\/\/stillferro.com\/ru\/wp-json\/wp\/v2\/media?parent=633"}],"curies":[{"name":"wp","href":"https:\/\/api.w.org\/{rel}","templated":true}]}}