{"id":1977,"date":"2023-01-09T18:34:19","date_gmt":"2023-01-09T16:34:19","guid":{"rendered":"https:\/\/stillferro.local\/?post_type=product&#038;p=1977"},"modified":"2023-10-24T10:55:00","modified_gmt":"2023-10-24T07:55:00","slug":"pat-mickey-mouse","status":"publish","type":"product","link":"https:\/\/stillferro.com\/ru\/krovati\/detskie-krovatki\/krovati-mikki-maus\/","title":{"rendered":"\u041a\u0440\u043e\u0432\u0430\u0442\u044c Mickey Mouse"},"content":{"rendered":"<p>\u041a\u0430\u0440\u043a\u0430\u0441 \u043a\u0440\u043e\u0432\u0430\u0442\u0438.<\/p>\n<p>\u0412\u044b \u043c\u043e\u0436\u0435\u0442\u0435 \u043b\u0435\u0433\u043a\u043e \u043f\u0440\u043e\u043f\u044b\u043b\u0435\u0441\u043e\u0441\u0438\u0442\u044c \u043f\u043e\u0434 \u0440\u0430\u043c\u043e\u0439 \u043a\u0440\u043e\u0432\u0430\u0442\u0438, \u0447\u0442\u043e\u0431\u044b \u0441\u043e\u0445\u0440\u0430\u043d\u0438\u0442\u044c \u043f\u0440\u043e\u0441\u0442\u0440\u0430\u043d\u0441\u0442\u0432\u043e \u0447\u0438\u0441\u0442\u044b\u043c \u0438 \u0431\u0435\u0437 \u043f\u044b\u043b\u0438.<\/p>","protected":false},"excerpt":{"rendered":"<p>Cadru pat. Po\u0163i aspira u\u015for sub cadrul patului pentru a men\u0163ine spa\u0163iul curat \u015fi f\u0103r\u0103 praf.<\/p>","protected":false},"featured_media":1978,"comment_status":"closed","ping_status":"closed","template":"","meta":{"_acf_changed":false},"product_brand":[],"product_cat":[49,48],"product_tag":[],"class_list":{"0":"post-1977","1":"product","2":"type-product","3":"status-publish","4":"has-post-thumbnail","6":"product_cat-paturi","7":"product_cat-paturi-pentru-copii","9":"first","10":"instock","11":"shipping-taxable","12":"purchasable","13":"product-type-simple"},"acf":[],"_links":{"self":[{"href":"https:\/\/stillferro.com\/ru\/wp-json\/wp\/v2\/product\/1977","targetHints":{"allow":["GET"]}}],"collection":[{"href":"https:\/\/stillferro.com\/ru\/wp-json\/wp\/v2\/product"}],"about":[{"href":"https:\/\/stillferro.com\/ru\/wp-json\/wp\/v2\/types\/product"}],"replies":[{"embeddable":true,"href":"https:\/\/stillferro.com\/ru\/wp-json\/wp\/v2\/comments?post=1977"}],"version-history":[{"count":0,"href":"https:\/\/stillferro.com\/ru\/wp-json\/wp\/v2\/product\/1977\/revisions"}],"wp:featuredmedia":[{"embeddable":true,"href":"https:\/\/stillferro.com\/ru\/wp-json\/wp\/v2\/media\/1978"}],"wp:attachment":[{"href":"https:\/\/stillferro.com\/ru\/wp-json\/wp\/v2\/media?parent=1977"}],"wp:term":[{"taxonomy":"product_brand","embeddable":true,"href":"https:\/\/stillferro.com\/ru\/wp-json\/wp\/v2\/product_brand?post=1977"},{"taxonomy":"product_cat","embeddable":true,"href":"https:\/\/stillferro.com\/ru\/wp-json\/wp\/v2\/product_cat?post=1977"},{"taxonomy":"product_tag","embeddable":true,"href":"https:\/\/stillferro.com\/ru\/wp-json\/wp\/v2\/product_tag?post=1977"}],"curies":[{"name":"wp","href":"https:\/\/api.w.org\/{rel}","templated":true}]}}