{"id":4152,"date":"2024-10-22T14:03:05","date_gmt":"2024-10-22T11:03:05","guid":{"rendered":"https:\/\/stillferro.local\/?post_type=product&#038;p=4152"},"modified":"2026-02-06T14:24:47","modified_gmt":"2026-02-06T12:24:47","slug":"canapea-budapest","status":"publish","type":"product","link":"https:\/\/stillferro.com\/ru\/divany\/divan-budapest\/","title":{"rendered":"\u0414\u0438\u0432\u0430\u043d Budapest"},"content":{"rendered":"<p>\u0414\u0438\u0432\u0430\u043d Budapest \u044f\u0432\u043b\u044f\u0435\u0442\u0441\u044f \u0440\u0430\u0441\u043a\u043b\u0430\u0434\u043d\u044b\u043c \u0438 \u043f\u0440\u0435\u0434\u043d\u0430\u0437\u043d\u0430\u0447\u0435\u043d \u0434\u043b\u044f \u0435\u0436\u0435\u0434\u043d\u0435\u0432\u043d\u043e\u0433\u043e \u0441\u043d\u0430.<span class=\"Apple-converted-space\">\u00a0<\/span><\/p>\n<p>\u0421\u043f\u0430\u043b\u044c\u043d\u043e\u0435 \u043c\u0435\u0441\u0442\u043e \u0441\u043e\u0434\u0435\u0440\u0436\u0438\u0442 \u043f\u0440\u0443\u0436\u0438\u043d\u044b Bonnel \u0438 \u043f\u043e\u043b\u0438\u0443\u0440\u0435\u0442\u0430\u043d\u043e\u0432\u0443\u044e \u043f\u0435\u043d\u0443 \u0440\u0430\u0437\u043b\u0438\u0447\u043d\u043e\u0439 \u043f\u043b\u043e\u0442\u043d\u043e\u0441\u0442\u0438, \u0447\u0442\u043e \u043e\u0431\u0435\u0441\u043f\u0435\u0447\u0438\u0432\u0430\u0435\u0442 \u043c\u0430\u043a\u0441\u0438\u043c\u0430\u043b\u044c\u043d\u044b\u0439 \u043a\u043e\u043c\u0444\u043e\u0440\u0442 \u0432\u043e \u0432\u0440\u0435\u043c\u044f \u043e\u0442\u0434\u044b\u0445\u0430.<\/p>","protected":false},"excerpt":{"rendered":"<p>Canapeaua Budapest, este extensibil\u0103 \u0219i conceput\u0103 pentru somnul zilnic.\u00a0 Spa\u021biul de dormit con\u021bine arcuri bonel \u0219i spum\u0103 poliuretanic\u0103 de diferite densit\u0103\u021bi, ce asigur\u0103 un confort maxim \u00een timpul odihnei.<\/p>","protected":false},"featured_media":4947,"comment_status":"closed","ping_status":"closed","template":"","meta":{"_acf_changed":false},"product_brand":[],"product_cat":[32],"product_tag":[],"class_list":{"0":"post-4152","1":"product","2":"type-product","3":"status-publish","4":"has-post-thumbnail","6":"product_cat-canapele","8":"first","9":"outofstock","10":"shipping-taxable","11":"product-type-simple"},"acf":[],"_links":{"self":[{"href":"https:\/\/stillferro.com\/ru\/wp-json\/wp\/v2\/product\/4152","targetHints":{"allow":["GET"]}}],"collection":[{"href":"https:\/\/stillferro.com\/ru\/wp-json\/wp\/v2\/product"}],"about":[{"href":"https:\/\/stillferro.com\/ru\/wp-json\/wp\/v2\/types\/product"}],"replies":[{"embeddable":true,"href":"https:\/\/stillferro.com\/ru\/wp-json\/wp\/v2\/comments?post=4152"}],"version-history":[{"count":0,"href":"https:\/\/stillferro.com\/ru\/wp-json\/wp\/v2\/product\/4152\/revisions"}],"wp:featuredmedia":[{"embeddable":true,"href":"https:\/\/stillferro.com\/ru\/wp-json\/wp\/v2\/media\/4947"}],"wp:attachment":[{"href":"https:\/\/stillferro.com\/ru\/wp-json\/wp\/v2\/media?parent=4152"}],"wp:term":[{"taxonomy":"product_brand","embeddable":true,"href":"https:\/\/stillferro.com\/ru\/wp-json\/wp\/v2\/product_brand?post=4152"},{"taxonomy":"product_cat","embeddable":true,"href":"https:\/\/stillferro.com\/ru\/wp-json\/wp\/v2\/product_cat?post=4152"},{"taxonomy":"product_tag","embeddable":true,"href":"https:\/\/stillferro.com\/ru\/wp-json\/wp\/v2\/product_tag?post=4152"}],"curies":[{"name":"wp","href":"https:\/\/api.w.org\/{rel}","templated":true}]}}