{"id":4295,"date":"2024-01-31T14:27:57","date_gmt":"2024-01-31T12:27:57","guid":{"rendered":"https:\/\/stillferro.local\/?post_type=product&#038;p=4295"},"modified":"2025-01-28T11:36:55","modified_gmt":"2025-01-28T09:36:55","slug":"pat-leon","status":"publish","type":"product","link":"https:\/\/stillferro.com\/ru\/krovati\/dvuspalnye-krovati\/krovati-leon\/","title":{"rendered":"\u041a\u0440\u043e\u0432\u0430\u0442\u044c Leon"},"content":{"rendered":"<p>\u041a\u0440\u043e\u0432\u0430\u0442\u044c \u0441 \u043c\u044f\u0433\u043a\u043e\u0439 \u043e\u0431\u0438\u0432\u043a\u043e\u0439. \u041a\u0430\u0440\u043a\u0430\u0441 \u043a\u0440\u043e\u0432\u0430\u0442\u0438 \u043e\u0442\u043a\u0438\u0434\u043d\u043e\u0439, \u0447\u0442\u043e \u043e\u0431\u0435\u0441\u043f\u0435\u0447\u0438\u0432\u0430\u0435\u0442 \u0438\u0434\u0435\u0430\u043b\u044c\u043d\u043e\u0435 \u043c\u0435\u0441\u0442\u043e \u0434\u043b\u044f \u0445\u0440\u0430\u043d\u0435\u043d\u0438\u044f \u0432\u0435\u0449\u0435\u0439.<\/p>\n<p>\u0422\u043a\u0430\u043d\u044c \u043f\u043e \u043e\u0442\u0442\u0435\u043d\u043a\u0443 \u0438 \u0442\u0435\u043a\u0441\u0442\u0443\u0440\u0435 \u043c\u043e\u0436\u043d\u043e \u0432\u044b\u0431\u0440\u0430\u0442\u044c \u0438\u0437 8 \u043a\u0430\u0442\u0435\u0433\u043e\u0440\u0438\u0439 \u0440\u0430\u0437\u043b\u0438\u0447\u043d\u044b\u0445 \u043f\u0440\u043e\u0438\u0437\u0432\u043e\u0434\u0438\u0442\u0435\u043b\u0435\u0439, \u0431\u043e\u043b\u0435\u0435 35 \u043a\u0430\u0442\u0430\u043b\u043e\u0433\u043e\u0432 \u0438 \u043e\u0431\u0440\u0430\u0437\u0446\u043e\u0432.<\/p>\n<p>\u041c\u0430\u0442\u0440\u0430\u0441 \u043d\u0435 \u0432\u0445\u043e\u0434\u0438\u0442 \u0432 \u0441\u0442\u043e\u0438\u043c\u043e\u0441\u0442\u044c. \u0424\u043e\u0442\u043e\u0433\u0440\u0430\u0444\u0438\u0438 \u043d\u043e\u0441\u044f\u0442 \u043f\u0440\u0435\u0437\u0435\u043d\u0442\u0430\u0446\u0438\u043e\u043d\u043d\u044b\u0439 \u0445\u0430\u0440\u0430\u043a\u0442\u0435\u0440.<\/p>","protected":false},"excerpt":{"rendered":"<p>Pat tapi\u021bat. Somiera patului este rabatabil\u0103, oferind spa\u021biul perfect pentru depozitare. Stofa ca nuan\u021b\u0103 \u0219i textur\u0103, poate fi aleas\u0103 din 8 categorii de produc\u0103tori diferi\u021bi, peste 35 de cataloage \u0219i mostrare. Salteaua nu este inclusa \u00een pre\u021b. Pozele sunt cu titlu de prezentare.<\/p>","protected":false},"featured_media":4770,"comment_status":"closed","ping_status":"closed","template":"","meta":{"_acf_changed":false},"product_brand":[],"product_cat":[49,58],"product_tag":[],"class_list":{"0":"post-4295","1":"product","2":"type-product","3":"status-publish","4":"has-post-thumbnail","6":"product_cat-paturi","7":"product_cat-paturi-matrimoniale","9":"first","10":"instock","11":"shipping-taxable","12":"purchasable","13":"product-type-simple"},"acf":[],"_links":{"self":[{"href":"https:\/\/stillferro.com\/ru\/wp-json\/wp\/v2\/product\/4295","targetHints":{"allow":["GET"]}}],"collection":[{"href":"https:\/\/stillferro.com\/ru\/wp-json\/wp\/v2\/product"}],"about":[{"href":"https:\/\/stillferro.com\/ru\/wp-json\/wp\/v2\/types\/product"}],"replies":[{"embeddable":true,"href":"https:\/\/stillferro.com\/ru\/wp-json\/wp\/v2\/comments?post=4295"}],"version-history":[{"count":0,"href":"https:\/\/stillferro.com\/ru\/wp-json\/wp\/v2\/product\/4295\/revisions"}],"wp:featuredmedia":[{"embeddable":true,"href":"https:\/\/stillferro.com\/ru\/wp-json\/wp\/v2\/media\/4770"}],"wp:attachment":[{"href":"https:\/\/stillferro.com\/ru\/wp-json\/wp\/v2\/media?parent=4295"}],"wp:term":[{"taxonomy":"product_brand","embeddable":true,"href":"https:\/\/stillferro.com\/ru\/wp-json\/wp\/v2\/product_brand?post=4295"},{"taxonomy":"product_cat","embeddable":true,"href":"https:\/\/stillferro.com\/ru\/wp-json\/wp\/v2\/product_cat?post=4295"},{"taxonomy":"product_tag","embeddable":true,"href":"https:\/\/stillferro.com\/ru\/wp-json\/wp\/v2\/product_tag?post=4295"}],"curies":[{"name":"wp","href":"https:\/\/api.w.org\/{rel}","templated":true}]}}