{"id":4690,"date":"2025-01-06T13:28:55","date_gmt":"2025-01-06T11:28:55","guid":{"rendered":"https:\/\/stillferro.local\/?post_type=product&#038;p=4690"},"modified":"2025-08-07T13:44:41","modified_gmt":"2025-08-07T10:44:41","slug":"saltea-saturno-lusso","status":"publish","type":"product","link":"https:\/\/stillferro.com\/ru\/matrasnye\/matras-saturno-lusso\/","title":{"rendered":"\u041c\u0430\u0442\u0440\u0430\u0441 Saturno Lusso"},"content":{"rendered":"<ul>\n<li>\u041c\u0430\u0442\u0440\u0430\u0441 \u2013 \u043d\u0435\u0437\u0430\u0432\u0438\u0441\u0438\u043c\u044b\u0435 \u043f\u0440\u0443\u0436\u0438\u043d\u044b \u2013 \u043e\u0440\u0442\u043e\u043f\u0435\u0434\u0438\u0447\u0435\u0441\u043a\u0438\u0439\/\u044d\u0440\u0433\u043e\u043d\u043e\u043c\u0438\u0447\u043d\u044b\u0439 \u2013 2 \u0432 1<\/li>\n<li>\u0412\u044b\u0441\u043e\u0442\u0430 23 \u0441\u043c | \u041d\u0430\u0433\u0440\u0443\u0437\u043a\u0430 60-120 \u043a\u0433<\/li>\n<li>\u0420\u0430\u0437\u0440\u0430\u0431\u043e\u0442\u0430\u043d \u0441 \u0430\u043d\u0430\u0442\u043e\u043c\u0438\u0447\u0435\u0441\u043a\u043e\u0439 \u043f\u043e\u0432\u0435\u0440\u0445\u043d\u043e\u0441\u0442\u044c\u044e | 800 \u043d\u0435\u0437\u0430\u0432\u0438\u0441\u0438\u043c\u044b\u0445 \u043f\u0440\u0443\u0436\u0438\u043d<\/li>\n<\/ul>\n<p><strong>\u0420\u0430\u0437\u043c\u0435\u0440\u044b:<\/strong> \u0414\u043b\u0438\u043d\u0430 \u0441\u043c: <strong>190, 195, 200<\/strong> | \u0428\u0438\u0440\u0438\u043d\u0430 \u0441\u043c: <strong>80, 85, 90, 120, 140, 160, 165, 170, 180.<\/strong><\/p>\n<div><\/div>","protected":false},"excerpt":{"rendered":"<p>Saltea &#8211; arcuri independente &#8211; ortopedic\u0103\/ergonomic\u0103 &#8211; 2 in 1 \u00cen\u0103l\u021bime 23 cm | Rezisten\u021b\u0103 60-120 kg Proiectat cu suprafa\u021b\u0103 anatomic\u0103 | 800 arcuri independente Dimensiuni: Lungime cm: 190, 195, 200 | L\u0103\u021bime cm: 80, 85, 90, 120, 140, 160, 165, 170, 180.<\/p>","protected":false},"featured_media":4692,"comment_status":"closed","ping_status":"closed","template":"","meta":{"_acf_changed":false},"product_brand":[],"product_cat":[88],"product_tag":[],"class_list":{"0":"post-4690","1":"product","2":"type-product","3":"status-publish","4":"has-post-thumbnail","6":"product_cat-saltele","8":"first","9":"instock","10":"shipping-taxable","11":"product-type-simple"},"acf":[],"_links":{"self":[{"href":"https:\/\/stillferro.com\/ru\/wp-json\/wp\/v2\/product\/4690","targetHints":{"allow":["GET"]}}],"collection":[{"href":"https:\/\/stillferro.com\/ru\/wp-json\/wp\/v2\/product"}],"about":[{"href":"https:\/\/stillferro.com\/ru\/wp-json\/wp\/v2\/types\/product"}],"replies":[{"embeddable":true,"href":"https:\/\/stillferro.com\/ru\/wp-json\/wp\/v2\/comments?post=4690"}],"version-history":[{"count":0,"href":"https:\/\/stillferro.com\/ru\/wp-json\/wp\/v2\/product\/4690\/revisions"}],"wp:featuredmedia":[{"embeddable":true,"href":"https:\/\/stillferro.com\/ru\/wp-json\/wp\/v2\/media\/4692"}],"wp:attachment":[{"href":"https:\/\/stillferro.com\/ru\/wp-json\/wp\/v2\/media?parent=4690"}],"wp:term":[{"taxonomy":"product_brand","embeddable":true,"href":"https:\/\/stillferro.com\/ru\/wp-json\/wp\/v2\/product_brand?post=4690"},{"taxonomy":"product_cat","embeddable":true,"href":"https:\/\/stillferro.com\/ru\/wp-json\/wp\/v2\/product_cat?post=4690"},{"taxonomy":"product_tag","embeddable":true,"href":"https:\/\/stillferro.com\/ru\/wp-json\/wp\/v2\/product_tag?post=4690"}],"curies":[{"name":"wp","href":"https:\/\/api.w.org\/{rel}","templated":true}]}}