{"id":5412,"date":"2025-10-07T16:20:41","date_gmt":"2025-10-07T13:20:41","guid":{"rendered":"https:\/\/stillferro.local\/?post_type=product&#038;p=5412"},"modified":"2026-03-12T08:46:45","modified_gmt":"2026-03-12T06:46:45","slug":"masa-romana-2","status":"publish","type":"product","link":"https:\/\/stillferro.com\/ru\/outlet-cat\/masa-romana-2\/","title":{"rendered":"Masa cafea Romana"},"content":{"rendered":"<p>Mas\u0103 cafea 1000*600, blat din sticl\u0103 tonat\u0103 bronze<\/p>","protected":false},"excerpt":{"rendered":"<p>Mas\u0103 cafea 1000*600, blat din sticl\u0103 tonat\u0103 bronze<\/p>","protected":false},"featured_media":6185,"comment_status":"closed","ping_status":"closed","template":"","meta":{"_acf_changed":false},"product_brand":[],"product_cat":[92],"product_tag":[],"class_list":{"0":"post-5412","1":"product","2":"type-product","3":"status-publish","4":"has-post-thumbnail","6":"product_cat-outlet-cat","8":"first","9":"instock","10":"sale","11":"shipping-taxable","12":"purchasable","13":"product-type-simple"},"acf":[],"_links":{"self":[{"href":"https:\/\/stillferro.com\/ru\/wp-json\/wp\/v2\/product\/5412","targetHints":{"allow":["GET"]}}],"collection":[{"href":"https:\/\/stillferro.com\/ru\/wp-json\/wp\/v2\/product"}],"about":[{"href":"https:\/\/stillferro.com\/ru\/wp-json\/wp\/v2\/types\/product"}],"replies":[{"embeddable":true,"href":"https:\/\/stillferro.com\/ru\/wp-json\/wp\/v2\/comments?post=5412"}],"version-history":[{"count":0,"href":"https:\/\/stillferro.com\/ru\/wp-json\/wp\/v2\/product\/5412\/revisions"}],"wp:featuredmedia":[{"embeddable":true,"href":"https:\/\/stillferro.com\/ru\/wp-json\/wp\/v2\/media\/6185"}],"wp:attachment":[{"href":"https:\/\/stillferro.com\/ru\/wp-json\/wp\/v2\/media?parent=5412"}],"wp:term":[{"taxonomy":"product_brand","embeddable":true,"href":"https:\/\/stillferro.com\/ru\/wp-json\/wp\/v2\/product_brand?post=5412"},{"taxonomy":"product_cat","embeddable":true,"href":"https:\/\/stillferro.com\/ru\/wp-json\/wp\/v2\/product_cat?post=5412"},{"taxonomy":"product_tag","embeddable":true,"href":"https:\/\/stillferro.com\/ru\/wp-json\/wp\/v2\/product_tag?post=5412"}],"curies":[{"name":"wp","href":"https:\/\/api.w.org\/{rel}","templated":true}]}}