{"id":6194,"date":"2026-03-13T15:28:22","date_gmt":"2026-03-13T13:28:22","guid":{"rendered":"https:\/\/stillferro.com\/?post_type=product&#038;p=6194"},"modified":"2026-03-20T11:51:14","modified_gmt":"2026-03-20T09:51:14","slug":"masa-flora-d-900","status":"publish","type":"product","link":"https:\/\/stillferro.com\/ru\/outlet-cat\/masa-flora-d-900\/","title":{"rendered":"Mas\u0103 Flora (D.900)"},"content":{"rendered":"<p>Mas\u0103 cu blat de sticl\u0103 extraclear D.900<\/p>","protected":false},"excerpt":{"rendered":"<p>Mas\u0103 cu blat de sticl\u0103 extraclear D.900<\/p>","protected":false},"featured_media":6195,"comment_status":"closed","ping_status":"closed","template":"","meta":{"_acf_changed":false},"product_brand":[],"product_cat":[92],"product_tag":[],"class_list":{"0":"post-6194","1":"product","2":"type-product","3":"status-publish","4":"has-post-thumbnail","6":"product_cat-outlet-cat","8":"first","9":"outofstock","10":"shipping-taxable","11":"product-type-simple"},"acf":[],"_links":{"self":[{"href":"https:\/\/stillferro.com\/ru\/wp-json\/wp\/v2\/product\/6194","targetHints":{"allow":["GET"]}}],"collection":[{"href":"https:\/\/stillferro.com\/ru\/wp-json\/wp\/v2\/product"}],"about":[{"href":"https:\/\/stillferro.com\/ru\/wp-json\/wp\/v2\/types\/product"}],"replies":[{"embeddable":true,"href":"https:\/\/stillferro.com\/ru\/wp-json\/wp\/v2\/comments?post=6194"}],"version-history":[{"count":0,"href":"https:\/\/stillferro.com\/ru\/wp-json\/wp\/v2\/product\/6194\/revisions"}],"wp:featuredmedia":[{"embeddable":true,"href":"https:\/\/stillferro.com\/ru\/wp-json\/wp\/v2\/media\/6195"}],"wp:attachment":[{"href":"https:\/\/stillferro.com\/ru\/wp-json\/wp\/v2\/media?parent=6194"}],"wp:term":[{"taxonomy":"product_brand","embeddable":true,"href":"https:\/\/stillferro.com\/ru\/wp-json\/wp\/v2\/product_brand?post=6194"},{"taxonomy":"product_cat","embeddable":true,"href":"https:\/\/stillferro.com\/ru\/wp-json\/wp\/v2\/product_cat?post=6194"},{"taxonomy":"product_tag","embeddable":true,"href":"https:\/\/stillferro.com\/ru\/wp-json\/wp\/v2\/product_tag?post=6194"}],"curies":[{"name":"wp","href":"https:\/\/api.w.org\/{rel}","templated":true}]}}